{"id":1779,"date":"2022-11-25T12:02:13","date_gmt":"2022-11-25T12:02:13","guid":{"rendered":"https:\/\/rsisportsgroup.com\/privacy-policy\/"},"modified":"2023-05-23T23:15:47","modified_gmt":"2023-05-23T23:15:47","slug":"privacy-policy","status":"publish","type":"page","link":"https:\/\/rsisportsgroup.com\/fr\/privacy-policy\/","title":{"rendered":"Politique de confidentialit\u00e9"},"content":{"rendered":"\t\t<div data-elementor-type=\"wp-page\" data-elementor-id=\"1779\" class=\"elementor elementor-1779 elementor-3\" data-elementor-post-type=\"page\">\n\t\t\t\t\t\t<section class=\"elementor-section elementor-top-section elementor-element elementor-element-794ad95 elementor-section-boxed elementor-section-height-default elementor-section-height-default\" data-id=\"794ad95\" data-element_type=\"section\" data-e-type=\"section\">\n\t\t\t\t\t\t<div class=\"elementor-container elementor-column-gap-default\">\n\t\t\t\t\t<div class=\"elementor-column elementor-col-100 elementor-top-column elementor-element elementor-element-5f351b2\" data-id=\"5f351b2\" data-element_type=\"column\" data-e-type=\"column\">\n\t\t\t<div class=\"elementor-widget-wrap elementor-element-populated\">\n\t\t\t\t\t\t<div class=\"elementor-element elementor-element-dd29000 elementor-widget elementor-widget-heading\" data-id=\"dd29000\" data-element_type=\"widget\" data-e-type=\"widget\" data-widget_type=\"heading.default\">\n\t\t\t\t<div class=\"elementor-widget-container\">\n\t\t\t\t\t<h2 class=\"elementor-heading-title elementor-size-default\">Informations juridiques<\/h2>\t\t\t\t<\/div>\n\t\t\t\t<\/div>\n\t\t\t\t<div class=\"elementor-element elementor-element-a9d12fe elementor-widget elementor-widget-text-editor\" data-id=\"a9d12fe\" data-element_type=\"widget\" data-e-type=\"widget\" data-widget_type=\"text-editor.default\">\n\t\t\t\t<div class=\"elementor-widget-container\">\n\t\t\t\t\t\t\t\t\t<p>RSI SPORTS attache une grande importance \u00e0 la protection de vos donn\u00e9es personnelles et au respect de votre vie priv\u00e9e. Dans cette d\u00e9claration de confidentialit\u00e9, nous voulons \u00eatre clairs et transparents sur les donn\u00e9es personnelles que nous recueillons et utilisons. Afin de pr\u00e9server votre vie priv\u00e9e \u00e0 tout moment, nous traitons vos donn\u00e9es avec une grande responsabilit\u00e9.<\/p>\n<p>\u00c0 tout moment, vous pouvez \u00eatre s\u00fbr que RSI SPORTS suit les lois et r\u00e9glementations applicables, y compris le r\u00e8glement g\u00e9n\u00e9ral sur la protection des donn\u00e9es (RGPD).<\/p>\n<p>Cela implique :<\/p>\n<ul>\n<li>Traiter vos donn\u00e9es personnelles conform\u00e9ment \u00e0 l&rsquo;objectif pour lequel les donn\u00e9es personnelles sont collect\u00e9es. Ces objectifs et types de donn\u00e9es \u00e0 caract\u00e8re personnel sont d\u00e9crits dans la pr\u00e9sente politique de confidentialit\u00e9.<\/li>\n<li>Le traitement de vos donn\u00e9es personnelles est r\u00e9duit aux donn\u00e9es minimales requises pour les objectifs sp\u00e9cifiques.<\/li>\n<li>Demander votre autorisation au cas o\u00f9 nous aurions besoin de traiter et d&rsquo;utiliser vos donn\u00e9es personnelles.<\/li>\n<li>Prendre des mesures techniques et organisationnelles pour garantir la s\u00e9curit\u00e9 de vos donn\u00e9es personnelles.<\/li>\n<li>Ne pas transmettre de donn\u00e9es personnelles \u00e0 d&rsquo;autres parties, sauf si cela est n\u00e9cessaire pour la mise en \u0153uvre d&rsquo;objectifs sp\u00e9cifiques.<\/li>\n<li>Vous informer et respecter vos droits en mati\u00e8re de protection des donn\u00e9es personnelles.<\/li>\n<\/ul>\n\t\t\t\t\t\t\t\t<\/div>\n\t\t\t\t<\/div>\n\t\t\t\t<div class=\"elementor-element elementor-element-c336fea elementor-widget elementor-widget-text-editor\" data-id=\"c336fea\" data-element_type=\"widget\" data-e-type=\"widget\" data-widget_type=\"text-editor.default\">\n\t\t\t\t<div class=\"elementor-widget-container\">\n\t\t\t\t\t\t\t\t\t<p><span style=\"color: var( --e-global-color-text ); font-family: var( --e-global-typography-text-font-family ), Sans-serif; font-size: var( --e-global-typography-text-font-size ); font-style: var( --e-global-typography-text-font-style ); font-weight: var( --e-global-typography-text-font-weight ); text-transform: var( --e-global-typography-text-text-transform );\">En tant qu&rsquo;entreprise, nous sommes responsables du traitement de vos donn\u00e9es personnelles. Si, apr\u00e8s avoir lu notre politique de confidentialit\u00e9, ou de mani\u00e8re g\u00e9n\u00e9rale, vous avez encore des questions ou souhaitez nous contacter, utilisez les coordonn\u00e9es ci-dessous.<\/span><\/p>\n<p>Bureau NL<br \/>Zeelbergseweg 35<br \/>5555 LD Valkenswaard<br \/>LES PAYS-BAS<\/p>\n<p>Bureau BE<br \/>Industriepark West 43<br \/>9100 St. Niklaas<br \/>BELGIQUE<\/p>\n<p>RSI SPORTS utilisera vos donn\u00e9es personnelles en faveur des objectifs et des fondements juridiques suivants :<\/p>\n<ul>\n<li>Pouvoir participer aux activit\u00e9s de RSI SPORTS.<\/li>\n<li>Pour acc\u00e9der au profil de votre utilisateur.<\/li>\n<li>A des fins de marketing.<\/li>\n<li>la protection et la d\u00e9tection des fautes, des fraudes et\/ou des comportements criminels.<\/li>\n<li>Offrir et am\u00e9liorer les produits fournis et les services g\u00e9n\u00e9raux\/personnalis\u00e9s, tels que la facturation, les offres d&rsquo;information, l&rsquo;envoi d&rsquo;offres utiles\/requises, la fourniture\/le traitement d&rsquo;avis d&rsquo;utilisateurs et la fourniture d&rsquo;une assistance.<\/li>\n<\/ul>\n\t\t\t\t\t\t\t\t<\/div>\n\t\t\t\t<\/div>\n\t\t\t\t<div class=\"elementor-element elementor-element-3eb2cc2 elementor-widget elementor-widget-text-editor\" data-id=\"3eb2cc2\" data-element_type=\"widget\" data-e-type=\"widget\" data-widget_type=\"text-editor.default\">\n\t\t\t\t<div class=\"elementor-widget-container\">\n\t\t\t\t\t\t\t\t\t<p><span style=\"color: var( --e-global-color-text ); font-family: var( --e-global-typography-text-font-family ), Sans-serif; font-size: var( --e-global-typography-text-font-size ); font-style: var( --e-global-typography-text-font-style ); font-weight: var( --e-global-typography-text-font-weight ); text-transform: var( --e-global-typography-text-text-transform );\">Pour les objectifs susmentionn\u00e9s, nous pouvons demander, conserver et utiliser les donn\u00e9es personnelles suivantes :<\/span><\/p>\n<ul>\n<li>Donn\u00e9es d&rsquo;identification<\/li>\n<li>Activit\u00e9s de loisirs et centres d&rsquo;int\u00e9r\u00eat<\/li>\n<li>Habitudes de consommation<\/li>\n<li>adresse + sp\u00e9cifications du logement<\/li>\n<li>Informations sur la profession<\/li>\n<li>Num\u00e9ro de registre national<\/li>\n<\/ul>\n\t\t\t\t\t\t\t\t<\/div>\n\t\t\t\t<\/div>\n\t\t\t\t<div class=\"elementor-element elementor-element-d4728e4 elementor-widget elementor-widget-text-editor\" data-id=\"d4728e4\" data-element_type=\"widget\" data-e-type=\"widget\" data-widget_type=\"text-editor.default\">\n\t\t\t\t<div class=\"elementor-widget-container\">\n\t\t\t\t\t\t\t\t\t<p><span style=\"color: var( --e-global-color-text ); font-family: var( --e-global-typography-text-font-family ), Sans-serif; font-size: var( --e-global-typography-text-font-size ); font-style: var( --e-global-typography-text-font-style ); font-weight: var( --e-global-typography-text-font-weight ); text-transform: var( --e-global-typography-text-text-transform );\">Les donn\u00e9es collect\u00e9es ne seront utilis\u00e9es que pour les objectifs pour lesquels les donn\u00e9es personnelles ont \u00e9t\u00e9 acquises.<\/span><\/p>\n<p>Disclosure to third parties If it\u2019s necessary, we can provide personal data to third parties for the implementation of the above-mentioned objectives. Nous faisons appel \u00e0 des tiers :<\/p>\n<ul>\n<li>Fournir un environnement internet (webhosting)<\/li>\n<li>Fournir une infrastructure informatique (c&rsquo;est-\u00e0-dire un r\u00e9seau informatique)<\/li>\n<li>Fournir (et distribuer) des bulletins d&rsquo;information et des invitations.<\/li>\n<\/ul>\n\t\t\t\t\t\t\t\t<\/div>\n\t\t\t\t<\/div>\n\t\t\t\t<div class=\"elementor-element elementor-element-351f776 elementor-widget elementor-widget-text-editor\" data-id=\"351f776\" data-element_type=\"widget\" data-e-type=\"widget\" data-widget_type=\"text-editor.default\">\n\t\t\t\t<div class=\"elementor-widget-container\">\n\t\t\t\t\t\t\t\t\t<p><span style=\"color: var( --e-global-color-text ); font-family: var( --e-global-typography-text-font-family ), Sans-serif; font-size: var( --e-global-typography-text-font-size ); font-style: var( --e-global-typography-text-font-style ); font-weight: var( --e-global-typography-text-font-weight ); text-transform: var( --e-global-typography-text-text-transform );\">Nous ne transmettons jamais de donn\u00e9es personnelles \u00e0 d&rsquo;autres parties si nous n&rsquo;avons pas de contrat de traitement. Vos donn\u00e9es personnelles ne seront pas communiqu\u00e9es \u00e0 des tiers, sauf en cas d&rsquo;obligation l\u00e9gale et d&rsquo;autorisation. Les donn\u00e9es personnelles peuvent \u00eatre partag\u00e9es avec des tiers, si vous l&rsquo;autorisez. Vous avez \u00e0 tout moment le droit de r\u00e9voquer cette autorisation.<\/span><\/p>\n<p>Nous utilisons des cookies<\/p>\n<p>Lorsque vous visitez notre site web, des cookies peuvent \u00eatre stock\u00e9s sur votre disque dur afin d&rsquo;optimiser l&rsquo;exp\u00e9rience de l&rsquo;utilisateur et les aspects techniques du site web pour les besoins des visiteurs r\u00e9currents. Pour plus d&rsquo;informations, consultez votre politique en mati\u00e8re de cookies.<\/p>\n<p>P\u00e9riode de conservation<\/p>\n<p>RSI SPORTS ne conserve pas les donn\u00e9es personnelles plus longtemps que n\u00e9cessaire. RSI SPORTS ne conserve pas les donn\u00e9es personnelles plus de cinq ans apr\u00e8s leur derni\u00e8re utilisation.<\/p>\n<p>S\u00e9curit\u00e9 des donn\u00e9es<\/p>\n<p>Nous prenons des mesures techniques et organisationnelles pour prot\u00e9ger vos donn\u00e9es personnelles contre un traitement ill\u00e9gal :<\/p>\n<ul>\n<li>Nous utilisons un nom d&rsquo;utilisateur et un mot de passe pour tous nos syst\u00e8mes.<\/li>\n<li>Nous effectuons des sauvegardes des donn\u00e9es \u00e0 caract\u00e8re personnel afin de pouvoir les restaurer en cas d&rsquo;incidents physiques ou techniques.<\/li>\n<li>Nous testons et \u00e9valuons r\u00e9guli\u00e8rement nos mesures.<\/li>\n<li>Nos employ\u00e9s sont inform\u00e9s de l&rsquo;importance de la protection de vos donn\u00e9es personnelles.<\/li>\n<\/ul>\n\t\t\t\t\t\t\t\t<\/div>\n\t\t\t\t<\/div>\n\t\t\t\t<div class=\"elementor-element elementor-element-acc145f elementor-widget elementor-widget-text-editor\" data-id=\"acc145f\" data-element_type=\"widget\" data-e-type=\"widget\" data-widget_type=\"text-editor.default\">\n\t\t\t\t<div class=\"elementor-widget-container\">\n\t\t\t\t\t\t\t\t\t<p><span style=\"color: var( --e-global-color-text ); font-family: var( --e-global-typography-text-font-family ), Sans-serif; font-size: var( --e-global-typography-text-font-size ); font-style: var( --e-global-typography-text-font-style ); font-weight: var( --e-global-typography-text-font-weight ); text-transform: var( --e-global-typography-text-text-transform );\">Vos droits en mati\u00e8re de donn\u00e9es<\/span><\/p>\n<p>Vous disposez \u00e0 tout moment d&rsquo;un droit d&rsquo;acc\u00e8s et d&rsquo;un droit de rectification ou de suppression de vos donn\u00e9es personnelles. En plus de cette d\u00e9claration de confidentialit\u00e9, il est indiqu\u00e9 comment nous contacter. (Vous pouvez toujours nous contacter via la page de contact de notre site web). Vous pouvez toujours vous opposer au traitement de vos donn\u00e9es personnelles (ou de parties sp\u00e9cifiques de vos donn\u00e9es personnelles) en contactant l&rsquo;un de nos employ\u00e9s. Vous avez \u00e9galement le droit de nous demander de vous transmettre vos donn\u00e9es personnelles ou de les transmettre \u00e0 d&rsquo;autres parties. Nous pouvons toujours vous demander de l\u00e9gitimer ces demandes avant de les autoriser.<\/p>\n<p>Plaintes<\/p>\n<p>Si vous avez une plainte concernant le traitement des donn\u00e9es personnelles, nous vous demandons de nous contacter imm\u00e9diatement. Vous avez toujours le droit de d\u00e9poser une plainte aupr\u00e8s de la commission de la protection de la vie priv\u00e9e, qui est une autorit\u00e9 de contr\u00f4le en mati\u00e8re de protection des donn\u00e9es personnelles.<\/p>\n<p>Modifications de la d\u00e9claration de confidentialit\u00e9<\/p>\n<p>RSI SPORTS peut modifier sa d\u00e9claration de confidentialit\u00e9 \u00e0 tout moment. Les changements seront annonc\u00e9s sur notre site web. La derni\u00e8re modification de la politique de confidentialit\u00e9 a \u00e9t\u00e9 effectu\u00e9e le 16 f\u00e9vrier 2019.<\/p>\n\t\t\t\t\t\t\t\t<\/div>\n\t\t\t\t<\/div>\n\t\t\t\t\t<\/div>\n\t\t<\/div>\n\t\t\t\t\t<\/div>\n\t\t<\/section>\n\t\t\t\t<\/div>\n\t\t","protected":false},"excerpt":{"rendered":"<p>Informations juridiques RSI SPORTS attache une grande importance \u00e0 la protection de vos donn\u00e9es personnelles et au respect de votre vie priv\u00e9e. Dans cette d\u00e9claration de confidentialit\u00e9, nous voulons \u00eatre clairs et transparents sur les donn\u00e9es personnelles que nous recueillons et utilisons. Afin de pr\u00e9server votre vie priv\u00e9e \u00e0 tout moment, nous traitons vos donn\u00e9es [&hellip;]<\/p>\n","protected":false},"author":2,"featured_media":0,"parent":0,"menu_order":0,"comment_status":"closed","ping_status":"open","template":"","meta":{"footnotes":""},"class_list":["post-1779","page","type-page","status-publish","hentry"],"yoast_head":"<!-- This site is optimized with the Yoast SEO plugin v27.3 - https:\/\/yoast.com\/product\/yoast-seo-wordpress\/ -->\n<title>Politique de confidentialit\u00e9 - RSI Sports Group<\/title>\n<meta name=\"robots\" content=\"index, follow, max-snippet:-1, max-image-preview:large, max-video-preview:-1\" \/>\n<link rel=\"canonical\" href=\"https:\/\/rsisportsgroup.com\/fr\/privacy-policy\/\" \/>\n<meta property=\"og:locale\" content=\"fr_FR\" \/>\n<meta property=\"og:type\" content=\"article\" \/>\n<meta property=\"og:title\" content=\"Politique de confidentialit\u00e9 - RSI Sports Group\" \/>\n<meta property=\"og:description\" content=\"Informations juridiques RSI SPORTS attache une grande importance \u00e0 la protection de vos donn\u00e9es personnelles et au respect de votre vie priv\u00e9e. Dans cette d\u00e9claration de confidentialit\u00e9, nous voulons \u00eatre clairs et transparents sur les donn\u00e9es personnelles que nous recueillons et utilisons. Afin de pr\u00e9server votre vie priv\u00e9e \u00e0 tout moment, nous traitons vos donn\u00e9es [&hellip;]\" \/>\n<meta property=\"og:url\" content=\"https:\/\/rsisportsgroup.com\/fr\/privacy-policy\/\" \/>\n<meta property=\"og:site_name\" content=\"RSI Sports Group\" \/>\n<meta property=\"article:publisher\" content=\"https:\/\/www.facebook.com\/RecreationalSystemsInternational\" \/>\n<meta property=\"article:modified_time\" content=\"2023-05-23T23:15:47+00:00\" \/>\n<meta property=\"og:image\" content=\"https:\/\/rsisportsgroup.com\/wp-content\/uploads\/2023\/02\/rsi-sports-group-logo.png\" \/>\n\t<meta property=\"og:image:width\" content=\"600\" \/>\n\t<meta property=\"og:image:height\" content=\"178\" \/>\n\t<meta property=\"og:image:type\" content=\"image\/png\" \/>\n<meta name=\"twitter:card\" content=\"summary_large_image\" \/>\n<meta name=\"twitter:label1\" content=\"Dur\u00e9e de lecture estim\u00e9e\" \/>\n\t<meta name=\"twitter:data1\" content=\"5 minutes\" \/>\n<script type=\"application\/ld+json\" class=\"yoast-schema-graph\">{\"@context\":\"https:\\\/\\\/schema.org\",\"@graph\":[{\"@type\":\"WebPage\",\"@id\":\"https:\\\/\\\/rsisportsgroup.com\\\/fr\\\/privacy-policy\\\/\",\"url\":\"https:\\\/\\\/rsisportsgroup.com\\\/fr\\\/privacy-policy\\\/\",\"name\":\"Politique de confidentialit\u00e9 - RSI Sports Group\",\"isPartOf\":{\"@id\":\"https:\\\/\\\/rsisportsgroup.com\\\/fr\\\/#website\"},\"datePublished\":\"2022-11-25T12:02:13+00:00\",\"dateModified\":\"2023-05-23T23:15:47+00:00\",\"breadcrumb\":{\"@id\":\"https:\\\/\\\/rsisportsgroup.com\\\/fr\\\/privacy-policy\\\/#breadcrumb\"},\"inLanguage\":\"fr-FR\",\"potentialAction\":[{\"@type\":\"ReadAction\",\"target\":[\"https:\\\/\\\/rsisportsgroup.com\\\/fr\\\/privacy-policy\\\/\"]}]},{\"@type\":\"BreadcrumbList\",\"@id\":\"https:\\\/\\\/rsisportsgroup.com\\\/fr\\\/privacy-policy\\\/#breadcrumb\",\"itemListElement\":[{\"@type\":\"ListItem\",\"position\":1,\"name\":\"Home\",\"item\":\"https:\\\/\\\/rsisportsgroup.com\\\/fr\\\/\"},{\"@type\":\"ListItem\",\"position\":2,\"name\":\"Politique de confidentialit\u00e9\"}]},{\"@type\":\"WebSite\",\"@id\":\"https:\\\/\\\/rsisportsgroup.com\\\/fr\\\/#website\",\"url\":\"https:\\\/\\\/rsisportsgroup.com\\\/fr\\\/\",\"name\":\"RSI Sports Group\",\"description\":\"\",\"publisher\":{\"@id\":\"https:\\\/\\\/rsisportsgroup.com\\\/fr\\\/#organization\"},\"potentialAction\":[{\"@type\":\"SearchAction\",\"target\":{\"@type\":\"EntryPoint\",\"urlTemplate\":\"https:\\\/\\\/rsisportsgroup.com\\\/fr\\\/?s={search_term_string}\"},\"query-input\":{\"@type\":\"PropertyValueSpecification\",\"valueRequired\":true,\"valueName\":\"search_term_string\"}}],\"inLanguage\":\"fr-FR\"},{\"@type\":\"Organization\",\"@id\":\"https:\\\/\\\/rsisportsgroup.com\\\/fr\\\/#organization\",\"name\":\"RSI Sports Group\",\"url\":\"https:\\\/\\\/rsisportsgroup.com\\\/fr\\\/\",\"logo\":{\"@type\":\"ImageObject\",\"inLanguage\":\"fr-FR\",\"@id\":\"https:\\\/\\\/rsisportsgroup.com\\\/fr\\\/#\\\/schema\\\/logo\\\/image\\\/\",\"url\":\"https:\\\/\\\/rsisportsgroup.com\\\/wp-content\\\/uploads\\\/2023\\\/02\\\/rsi-sports-group-logo.png\",\"contentUrl\":\"https:\\\/\\\/rsisportsgroup.com\\\/wp-content\\\/uploads\\\/2023\\\/02\\\/rsi-sports-group-logo.png\",\"width\":600,\"height\":178,\"caption\":\"RSI Sports Group\"},\"image\":{\"@id\":\"https:\\\/\\\/rsisportsgroup.com\\\/fr\\\/#\\\/schema\\\/logo\\\/image\\\/\"},\"sameAs\":[\"https:\\\/\\\/www.facebook.com\\\/RecreationalSystemsInternational\",\"https:\\\/\\\/www.linkedin.com\\\/company\\\/recreationalsystemsinternational\\\/\",\"https:\\\/\\\/www.instagram.com\\\/recreationalsystems_int\\\/\"]}]}<\/script>\n<!-- \/ Yoast SEO plugin. -->","yoast_head_json":{"title":"Politique de confidentialit\u00e9 - RSI Sports Group","robots":{"index":"index","follow":"follow","max-snippet":"max-snippet:-1","max-image-preview":"max-image-preview:large","max-video-preview":"max-video-preview:-1"},"canonical":"https:\/\/rsisportsgroup.com\/fr\/privacy-policy\/","og_locale":"fr_FR","og_type":"article","og_title":"Politique de confidentialit\u00e9 - RSI Sports Group","og_description":"Informations juridiques RSI SPORTS attache une grande importance \u00e0 la protection de vos donn\u00e9es personnelles et au respect de votre vie priv\u00e9e. Dans cette d\u00e9claration de confidentialit\u00e9, nous voulons \u00eatre clairs et transparents sur les donn\u00e9es personnelles que nous recueillons et utilisons. Afin de pr\u00e9server votre vie priv\u00e9e \u00e0 tout moment, nous traitons vos donn\u00e9es [&hellip;]","og_url":"https:\/\/rsisportsgroup.com\/fr\/privacy-policy\/","og_site_name":"RSI Sports Group","article_publisher":"https:\/\/www.facebook.com\/RecreationalSystemsInternational","article_modified_time":"2023-05-23T23:15:47+00:00","og_image":[{"width":600,"height":178,"url":"https:\/\/rsisportsgroup.com\/wp-content\/uploads\/2023\/02\/rsi-sports-group-logo.png","type":"image\/png"}],"twitter_card":"summary_large_image","twitter_misc":{"Dur\u00e9e de lecture estim\u00e9e":"5 minutes"},"schema":{"@context":"https:\/\/schema.org","@graph":[{"@type":"WebPage","@id":"https:\/\/rsisportsgroup.com\/fr\/privacy-policy\/","url":"https:\/\/rsisportsgroup.com\/fr\/privacy-policy\/","name":"Politique de confidentialit\u00e9 - RSI Sports Group","isPartOf":{"@id":"https:\/\/rsisportsgroup.com\/fr\/#website"},"datePublished":"2022-11-25T12:02:13+00:00","dateModified":"2023-05-23T23:15:47+00:00","breadcrumb":{"@id":"https:\/\/rsisportsgroup.com\/fr\/privacy-policy\/#breadcrumb"},"inLanguage":"fr-FR","potentialAction":[{"@type":"ReadAction","target":["https:\/\/rsisportsgroup.com\/fr\/privacy-policy\/"]}]},{"@type":"BreadcrumbList","@id":"https:\/\/rsisportsgroup.com\/fr\/privacy-policy\/#breadcrumb","itemListElement":[{"@type":"ListItem","position":1,"name":"Home","item":"https:\/\/rsisportsgroup.com\/fr\/"},{"@type":"ListItem","position":2,"name":"Politique de confidentialit\u00e9"}]},{"@type":"WebSite","@id":"https:\/\/rsisportsgroup.com\/fr\/#website","url":"https:\/\/rsisportsgroup.com\/fr\/","name":"RSI Sports Group","description":"","publisher":{"@id":"https:\/\/rsisportsgroup.com\/fr\/#organization"},"potentialAction":[{"@type":"SearchAction","target":{"@type":"EntryPoint","urlTemplate":"https:\/\/rsisportsgroup.com\/fr\/?s={search_term_string}"},"query-input":{"@type":"PropertyValueSpecification","valueRequired":true,"valueName":"search_term_string"}}],"inLanguage":"fr-FR"},{"@type":"Organization","@id":"https:\/\/rsisportsgroup.com\/fr\/#organization","name":"RSI Sports Group","url":"https:\/\/rsisportsgroup.com\/fr\/","logo":{"@type":"ImageObject","inLanguage":"fr-FR","@id":"https:\/\/rsisportsgroup.com\/fr\/#\/schema\/logo\/image\/","url":"https:\/\/rsisportsgroup.com\/wp-content\/uploads\/2023\/02\/rsi-sports-group-logo.png","contentUrl":"https:\/\/rsisportsgroup.com\/wp-content\/uploads\/2023\/02\/rsi-sports-group-logo.png","width":600,"height":178,"caption":"RSI Sports Group"},"image":{"@id":"https:\/\/rsisportsgroup.com\/fr\/#\/schema\/logo\/image\/"},"sameAs":["https:\/\/www.facebook.com\/RecreationalSystemsInternational","https:\/\/www.linkedin.com\/company\/recreationalsystemsinternational\/","https:\/\/www.instagram.com\/recreationalsystems_int\/"]}]}},"_links":{"self":[{"href":"https:\/\/rsisportsgroup.com\/fr\/wp-json\/wp\/v2\/pages\/1779","targetHints":{"allow":["GET"]}}],"collection":[{"href":"https:\/\/rsisportsgroup.com\/fr\/wp-json\/wp\/v2\/pages"}],"about":[{"href":"https:\/\/rsisportsgroup.com\/fr\/wp-json\/wp\/v2\/types\/page"}],"author":[{"embeddable":true,"href":"https:\/\/rsisportsgroup.com\/fr\/wp-json\/wp\/v2\/users\/2"}],"replies":[{"embeddable":true,"href":"https:\/\/rsisportsgroup.com\/fr\/wp-json\/wp\/v2\/comments?post=1779"}],"version-history":[{"count":0,"href":"https:\/\/rsisportsgroup.com\/fr\/wp-json\/wp\/v2\/pages\/1779\/revisions"}],"wp:attachment":[{"href":"https:\/\/rsisportsgroup.com\/fr\/wp-json\/wp\/v2\/media?parent=1779"}],"curies":[{"name":"wp","href":"https:\/\/api.w.org\/{rel}","templated":true}]}}