{"id":1737,"date":"2023-02-02T13:42:47","date_gmt":"2023-02-02T13:42:47","guid":{"rendered":"https:\/\/rsisportsgroup.com\/golf\/"},"modified":"2025-11-12T17:54:41","modified_gmt":"2025-11-12T17:54:41","slug":"golf","status":"publish","type":"page","link":"https:\/\/rsisportsgroup.com\/fr\/sports\/golf\/","title":{"rendered":"Golf"},"content":{"rendered":"\t\t<div data-elementor-type=\"wp-page\" data-elementor-id=\"1737\" class=\"elementor elementor-1737 elementor-35\" data-elementor-post-type=\"page\">\n\t\t\t\t\t\t<section class=\"elementor-section elementor-top-section elementor-element elementor-element-f9d79c2 elementor-section-height-min-height elementor-section-items-bottom elementor-section-boxed elementor-section-height-default\" data-id=\"f9d79c2\" data-element_type=\"section\" data-e-type=\"section\" data-settings=\"{&quot;background_background&quot;:&quot;classic&quot;}\">\n\t\t\t\t\t\t\t<div class=\"elementor-background-overlay\"><\/div>\n\t\t\t\t\t\t\t<div class=\"elementor-container elementor-column-gap-default\">\n\t\t\t\t\t<div class=\"elementor-column elementor-col-100 elementor-top-column elementor-element elementor-element-796381c\" data-id=\"796381c\" data-element_type=\"column\" data-e-type=\"column\">\n\t\t\t<div class=\"elementor-widget-wrap elementor-element-populated\">\n\t\t\t\t\t\t<div class=\"elementor-element elementor-element-62a105c elementor-widget elementor-widget-heading\" data-id=\"62a105c\" data-element_type=\"widget\" data-e-type=\"widget\" data-widget_type=\"heading.default\">\n\t\t\t\t<div class=\"elementor-widget-container\">\n\t\t\t\t\t<h1 class=\"elementor-heading-title elementor-size-default\">Golf<\/h1>\t\t\t\t<\/div>\n\t\t\t\t<\/div>\n\t\t\t\t\t<\/div>\n\t\t<\/div>\n\t\t\t\t\t<\/div>\n\t\t<\/section>\n\t\t\t\t<section class=\"elementor-section elementor-top-section elementor-element elementor-element-5328d81 elementor-section-height-min-height elementor-section-boxed elementor-section-height-default elementor-section-items-middle\" data-id=\"5328d81\" data-element_type=\"section\" data-e-type=\"section\">\n\t\t\t\t\t\t<div class=\"elementor-container elementor-column-gap-default\">\n\t\t\t\t\t<div class=\"elementor-column elementor-col-50 elementor-top-column elementor-element elementor-element-7a5175a animated-fast elementor-invisible\" data-id=\"7a5175a\" data-element_type=\"column\" data-e-type=\"column\" data-settings=\"{&quot;animation&quot;:&quot;fadeInLeft&quot;}\">\n\t\t\t<div class=\"elementor-widget-wrap elementor-element-populated\">\n\t\t\t\t\t\t<div class=\"elementor-element elementor-element-beb13d2 elementor-widget elementor-widget-heading\" data-id=\"beb13d2\" data-element_type=\"widget\" data-e-type=\"widget\" data-widget_type=\"heading.default\">\n\t\t\t\t<div class=\"elementor-widget-container\">\n\t\t\t\t\t<h2 class=\"elementor-heading-title elementor-size-default\">Greens et cr\u00eates de golf<\/h2>\t\t\t\t<\/div>\n\t\t\t\t<\/div>\n\t\t\t\t<div class=\"elementor-element elementor-element-f1defe6 elementor-widget elementor-widget-heading\" data-id=\"f1defe6\" data-element_type=\"widget\" data-e-type=\"widget\" data-widget_type=\"heading.default\">\n\t\t\t\t<div class=\"elementor-widget-container\">\n\t\t\t\t\t<h2 class=\"elementor-heading-title elementor-size-default\">R\u00c9DUIRE | R\u00c9UTILISER | RECYCLER <\/h2>\t\t\t\t<\/div>\n\t\t\t\t<\/div>\n\t\t\t\t<div class=\"elementor-element elementor-element-4112981 elementor-widget elementor-widget-text-editor\" data-id=\"4112981\" data-element_type=\"widget\" data-e-type=\"widget\" data-widget_type=\"text-editor.default\">\n\t\t\t\t<div class=\"elementor-widget-container\">\n\t\t\t\t\t\t\t\t\t<p>Hybride, et G2G qui peut \u00eatre enti\u00e8rement recycl\u00e9e en une autre moquette de gazon artificiel de qualit\u00e9 similaire.<\/p>\n\t\t\t\t\t\t\t\t<\/div>\n\t\t\t\t<\/div>\n\t\t\t\t<div class=\"elementor-element elementor-element-1ccf055 elementor-widget__width-initial elementor-widget elementor-widget-button\" data-id=\"1ccf055\" data-element_type=\"widget\" data-e-type=\"widget\" data-widget_type=\"button.default\">\n\t\t\t\t<div class=\"elementor-widget-container\">\n\t\t\t\t\t\t\t\t\t<div class=\"elementor-button-wrapper\">\n\t\t\t\t\t<a class=\"elementor-button elementor-button-link elementor-size-sm\" href=\"https:\/\/rsisportsgroup.com\/fr\/our-brands\/grass-2-grass\/\">\n\t\t\t\t\t\t<span class=\"elementor-button-content-wrapper\">\n\t\t\t\t\t\t\t\t\t<span class=\"elementor-button-text\">En savoir plus<\/span>\n\t\t\t\t\t<\/span>\n\t\t\t\t\t<\/a>\n\t\t\t\t<\/div>\n\t\t\t\t\t\t\t\t<\/div>\n\t\t\t\t<\/div>\n\t\t\t\t<div class=\"elementor-element elementor-element-858f682 elementor-widget__width-initial elementor-widget elementor-widget-image\" data-id=\"858f682\" data-element_type=\"widget\" data-e-type=\"widget\" data-widget_type=\"image.default\">\n\t\t\t\t<div class=\"elementor-widget-container\">\n\t\t\t\t\t\t\t\t\t\t\t\t\t\t\t<img fetchpriority=\"high\" decoding=\"async\" width=\"600\" height=\"126\" src=\"https:\/\/rsisportsgroup.com\/wp-content\/uploads\/2023\/02\/Grass-2-grass-logo.png\" class=\"attachment-large size-large wp-image-1146\" alt=\"\" srcset=\"https:\/\/rsisportsgroup.com\/wp-content\/uploads\/2023\/02\/Grass-2-grass-logo.png 600w, https:\/\/rsisportsgroup.com\/wp-content\/uploads\/2023\/02\/Grass-2-grass-logo-300x63.png 300w\" sizes=\"(max-width: 600px) 100vw, 600px\" \/>\t\t\t\t\t\t\t\t\t\t\t\t\t\t\t<\/div>\n\t\t\t\t<\/div>\n\t\t\t\t\t<\/div>\n\t\t<\/div>\n\t\t\t\t<div class=\"elementor-column elementor-col-50 elementor-top-column elementor-element elementor-element-6d1f87b animated-fast elementor-invisible\" data-id=\"6d1f87b\" data-element_type=\"column\" data-e-type=\"column\" data-settings=\"{&quot;background_background&quot;:&quot;classic&quot;,&quot;animation&quot;:&quot;fadeInUp&quot;}\">\n\t\t\t<div class=\"elementor-widget-wrap elementor-element-populated\">\n\t\t\t\t\t\t<div class=\"elementor-element elementor-element-56c8c57 elementor-widget elementor-widget-spacer\" data-id=\"56c8c57\" data-element_type=\"widget\" data-e-type=\"widget\" data-widget_type=\"spacer.default\">\n\t\t\t\t<div class=\"elementor-widget-container\">\n\t\t\t\t\t\t\t<div class=\"elementor-spacer\">\n\t\t\t<div class=\"elementor-spacer-inner\"><\/div>\n\t\t<\/div>\n\t\t\t\t\t\t<\/div>\n\t\t\t\t<\/div>\n\t\t\t\t\t<\/div>\n\t\t<\/div>\n\t\t\t\t\t<\/div>\n\t\t<\/section>\n\t\t\t\t<section class=\"elementor-section elementor-top-section elementor-element elementor-element-c554658 elementor-section-height-min-height elementor-reverse-mobile elementor-section-boxed elementor-section-height-default elementor-section-items-middle\" data-id=\"c554658\" data-element_type=\"section\" data-e-type=\"section\">\n\t\t\t\t\t\t<div class=\"elementor-container elementor-column-gap-default\">\n\t\t\t\t\t<div class=\"elementor-column elementor-col-50 elementor-top-column elementor-element elementor-element-f882b62 animated-fast elementor-invisible\" data-id=\"f882b62\" data-element_type=\"column\" data-e-type=\"column\" data-settings=\"{&quot;background_background&quot;:&quot;classic&quot;,&quot;animation&quot;:&quot;fadeInUp&quot;}\">\n\t\t\t<div class=\"elementor-widget-wrap elementor-element-populated\">\n\t\t\t\t\t\t<div class=\"elementor-element elementor-element-3603301 elementor-widget elementor-widget-spacer\" data-id=\"3603301\" data-element_type=\"widget\" data-e-type=\"widget\" data-widget_type=\"spacer.default\">\n\t\t\t\t<div class=\"elementor-widget-container\">\n\t\t\t\t\t\t\t<div class=\"elementor-spacer\">\n\t\t\t<div class=\"elementor-spacer-inner\"><\/div>\n\t\t<\/div>\n\t\t\t\t\t\t<\/div>\n\t\t\t\t<\/div>\n\t\t\t\t\t<\/div>\n\t\t<\/div>\n\t\t\t\t<div class=\"elementor-column elementor-col-50 elementor-top-column elementor-element elementor-element-125417b animated-fast elementor-invisible\" data-id=\"125417b\" data-element_type=\"column\" data-e-type=\"column\" data-settings=\"{&quot;animation&quot;:&quot;fadeInLeft&quot;}\">\n\t\t\t<div class=\"elementor-widget-wrap elementor-element-populated\">\n\t\t\t\t\t\t<div class=\"elementor-element elementor-element-6ee8dc9 elementor-widget elementor-widget-heading\" data-id=\"6ee8dc9\" data-element_type=\"widget\" data-e-type=\"widget\" data-widget_type=\"heading.default\">\n\t\t\t\t<div class=\"elementor-widget-container\">\n\t\t\t\t\t<h2 class=\"elementor-heading-title elementor-size-default\">Construction modulaire de la base<\/h2>\t\t\t\t<\/div>\n\t\t\t\t<\/div>\n\t\t\t\t<div class=\"elementor-element elementor-element-caf26b6 elementor-widget elementor-widget-heading\" data-id=\"caf26b6\" data-element_type=\"widget\" data-e-type=\"widget\" data-widget_type=\"heading.default\">\n\t\t\t\t<div class=\"elementor-widget-container\">\n\t\t\t\t\t<h2 class=\"elementor-heading-title elementor-size-default\">CONSTRUCTION INNOVANTE DE LA BASE<\/h2>\t\t\t\t<\/div>\n\t\t\t\t<\/div>\n\t\t\t\t<div class=\"elementor-element elementor-element-bcab6e3 elementor-widget elementor-widget-text-editor\" data-id=\"bcab6e3\" data-element_type=\"widget\" data-e-type=\"widget\" data-widget_type=\"text-editor.default\">\n\t\t\t\t<div class=\"elementor-widget-container\">\n\t\t\t\t\t\t\t\t\t<p>Les amortisseurs Turf Panel offrent des propri\u00e9t\u00e9s de s\u00e9curit\u00e9 constantes sur n&rsquo;importe quelle surface dor\u00e9e.<\/p>\n\t\t\t\t\t\t\t\t<\/div>\n\t\t\t\t<\/div>\n\t\t\t\t<div class=\"elementor-element elementor-element-8a7211f elementor-widget__width-initial elementor-widget elementor-widget-button\" data-id=\"8a7211f\" data-element_type=\"widget\" data-e-type=\"widget\" data-widget_type=\"button.default\">\n\t\t\t\t<div class=\"elementor-widget-container\">\n\t\t\t\t\t\t\t\t\t<div class=\"elementor-button-wrapper\">\n\t\t\t\t\t<a class=\"elementor-button elementor-button-link elementor-size-sm\" href=\"https:\/\/turfpanels.com\/en\/\">\n\t\t\t\t\t\t<span class=\"elementor-button-content-wrapper\">\n\t\t\t\t\t\t\t\t\t<span class=\"elementor-button-text\">En savoir plus<\/span>\n\t\t\t\t\t<\/span>\n\t\t\t\t\t<\/a>\n\t\t\t\t<\/div>\n\t\t\t\t\t\t\t\t<\/div>\n\t\t\t\t<\/div>\n\t\t\t\t<div class=\"elementor-element elementor-element-a109232 elementor-widget__width-initial elementor-widget elementor-widget-image\" data-id=\"a109232\" data-element_type=\"widget\" data-e-type=\"widget\" data-widget_type=\"image.default\">\n\t\t\t\t<div class=\"elementor-widget-container\">\n\t\t\t\t\t\t\t\t\t\t\t\t\t\t\t<img decoding=\"async\" width=\"600\" height=\"202\" src=\"https:\/\/rsisportsgroup.com\/wp-content\/uploads\/2023\/02\/Logo-turf-panels-.png\" class=\"attachment-large size-large wp-image-1185\" alt=\"\" srcset=\"https:\/\/rsisportsgroup.com\/wp-content\/uploads\/2023\/02\/Logo-turf-panels-.png 600w, https:\/\/rsisportsgroup.com\/wp-content\/uploads\/2023\/02\/Logo-turf-panels--300x101.png 300w\" sizes=\"(max-width: 600px) 100vw, 600px\" \/>\t\t\t\t\t\t\t\t\t\t\t\t\t\t\t<\/div>\n\t\t\t\t<\/div>\n\t\t\t\t\t<\/div>\n\t\t<\/div>\n\t\t\t\t\t<\/div>\n\t\t<\/section>\n\t\t\t\t<section class=\"elementor-section elementor-top-section elementor-element elementor-element-d9918dd elementor-section-height-min-height elementor-hidden-desktop elementor-hidden-tablet elementor-hidden-mobile elementor-section-boxed elementor-section-height-default elementor-section-items-middle\" data-id=\"d9918dd\" data-element_type=\"section\" data-e-type=\"section\">\n\t\t\t\t\t\t<div class=\"elementor-container elementor-column-gap-default\">\n\t\t\t\t\t<div class=\"elementor-column elementor-col-50 elementor-top-column elementor-element elementor-element-cc1ac2e animated-fast elementor-invisible\" data-id=\"cc1ac2e\" data-element_type=\"column\" data-e-type=\"column\" data-settings=\"{&quot;animation&quot;:&quot;fadeInLeft&quot;}\">\n\t\t\t<div class=\"elementor-widget-wrap elementor-element-populated\">\n\t\t\t\t\t\t<div class=\"elementor-element elementor-element-b1cced4 elementor-widget elementor-widget-heading\" data-id=\"b1cced4\" data-element_type=\"widget\" data-e-type=\"widget\" data-widget_type=\"heading.default\">\n\t\t\t\t<div class=\"elementor-widget-container\">\n\t\t\t\t\t<h2 class=\"elementor-heading-title elementor-size-default\"> D\u00e9sinfecteur de pelouse UV-C mobile pour les surfaces de golf\n  <\/h2>\t\t\t\t<\/div>\n\t\t\t\t<\/div>\n\t\t\t\t<div class=\"elementor-element elementor-element-7cf4dc0 elementor-widget elementor-widget-heading\" data-id=\"7cf4dc0\" data-element_type=\"widget\" data-e-type=\"widget\" data-widget_type=\"heading.default\">\n\t\t\t\t<div class=\"elementor-widget-container\">\n\t\t\t\t\t<h2 class=\"elementor-heading-title elementor-size-default\">\u00c9TABLIR UNE NOUVELLE NORME<\/h2>\t\t\t\t<\/div>\n\t\t\t\t<\/div>\n\t\t\t\t<div class=\"elementor-element elementor-element-252b5bd elementor-widget elementor-widget-text-editor\" data-id=\"252b5bd\" data-element_type=\"widget\" data-e-type=\"widget\" data-widget_type=\"text-editor.default\">\n\t\t\t\t<div class=\"elementor-widget-container\">\n\t\t\t\t\t\t\t\t\t<p>Combat les algues, les champignons et d&rsquo;autres maladies sur le gazon de golf.<\/p>\n\t\t\t\t\t\t\t\t<\/div>\n\t\t\t\t<\/div>\n\t\t\t\t<div class=\"elementor-element elementor-element-5f5acc0 elementor-widget__width-initial elementor-widget elementor-widget-button\" data-id=\"5f5acc0\" data-element_type=\"widget\" data-e-type=\"widget\" data-widget_type=\"button.default\">\n\t\t\t\t<div class=\"elementor-widget-container\">\n\t\t\t\t\t\t\t\t\t<div class=\"elementor-button-wrapper\">\n\t\t\t\t\t<a class=\"elementor-button elementor-button-link elementor-size-sm\" href=\"https:\/\/rhenacsportsled.com\/en\">\n\t\t\t\t\t\t<span class=\"elementor-button-content-wrapper\">\n\t\t\t\t\t\t\t\t\t<span class=\"elementor-button-text\">En savoir plus<\/span>\n\t\t\t\t\t<\/span>\n\t\t\t\t\t<\/a>\n\t\t\t\t<\/div>\n\t\t\t\t\t\t\t\t<\/div>\n\t\t\t\t<\/div>\n\t\t\t\t<div class=\"elementor-element elementor-element-165324d elementor-widget__width-initial elementor-widget elementor-widget-image\" data-id=\"165324d\" data-element_type=\"widget\" data-e-type=\"widget\" data-widget_type=\"image.default\">\n\t\t\t\t<div class=\"elementor-widget-container\">\n\t\t\t\t\t\t\t\t\t\t\t\t\t\t\t<img decoding=\"async\" width=\"600\" height=\"237\" src=\"https:\/\/rsisportsgroup.com\/wp-content\/uploads\/2023\/02\/Rhenac-sports-logo.png\" class=\"attachment-large size-large wp-image-1158\" alt=\"\" srcset=\"https:\/\/rsisportsgroup.com\/wp-content\/uploads\/2023\/02\/Rhenac-sports-logo.png 600w, https:\/\/rsisportsgroup.com\/wp-content\/uploads\/2023\/02\/Rhenac-sports-logo-300x119.png 300w\" sizes=\"(max-width: 600px) 100vw, 600px\" \/>\t\t\t\t\t\t\t\t\t\t\t\t\t\t\t<\/div>\n\t\t\t\t<\/div>\n\t\t\t\t\t<\/div>\n\t\t<\/div>\n\t\t\t\t<div class=\"elementor-column elementor-col-50 elementor-top-column elementor-element elementor-element-20fb14d animated-fast elementor-invisible\" data-id=\"20fb14d\" data-element_type=\"column\" data-e-type=\"column\" data-settings=\"{&quot;background_background&quot;:&quot;classic&quot;,&quot;animation&quot;:&quot;fadeInUp&quot;}\">\n\t\t\t<div class=\"elementor-widget-wrap elementor-element-populated\">\n\t\t\t\t\t\t<div class=\"elementor-element elementor-element-77f28a8 elementor-widget elementor-widget-spacer\" data-id=\"77f28a8\" data-element_type=\"widget\" data-e-type=\"widget\" data-widget_type=\"spacer.default\">\n\t\t\t\t<div class=\"elementor-widget-container\">\n\t\t\t\t\t\t\t<div class=\"elementor-spacer\">\n\t\t\t<div class=\"elementor-spacer-inner\"><\/div>\n\t\t<\/div>\n\t\t\t\t\t\t<\/div>\n\t\t\t\t<\/div>\n\t\t\t\t\t<\/div>\n\t\t<\/div>\n\t\t\t\t\t<\/div>\n\t\t<\/section>\n\t\t\t\t<\/div>\n\t\t","protected":false},"excerpt":{"rendered":"<p>Golf Greens et cr\u00eates de golf R\u00c9DUIRE | R\u00c9UTILISER | RECYCLER Hybride, et G2G qui peut \u00eatre enti\u00e8rement recycl\u00e9e en une autre moquette de gazon artificiel de qualit\u00e9 similaire. En savoir plus Construction modulaire de la base CONSTRUCTION INNOVANTE DE LA BASE Les amortisseurs Turf Panel offrent des propri\u00e9t\u00e9s de s\u00e9curit\u00e9 constantes sur n&rsquo;importe quelle [&hellip;]<\/p>\n","protected":false},"author":2,"featured_media":0,"parent":1749,"menu_order":0,"comment_status":"closed","ping_status":"closed","template":"","meta":{"footnotes":""},"class_list":["post-1737","page","type-page","status-publish","hentry"],"yoast_head":"<!-- This site is optimized with the Yoast SEO plugin v27.4 - https:\/\/yoast.com\/product\/yoast-seo-wordpress\/ -->\n<title>Golf - RSI Sports Group<\/title>\n<meta name=\"robots\" content=\"index, follow, max-snippet:-1, max-image-preview:large, max-video-preview:-1\" \/>\n<link rel=\"canonical\" href=\"https:\/\/rsisportsgroup.com\/fr\/sports\/golf\/\" \/>\n<meta property=\"og:locale\" content=\"fr_FR\" \/>\n<meta property=\"og:type\" content=\"article\" \/>\n<meta property=\"og:title\" content=\"Golf - RSI Sports Group\" \/>\n<meta property=\"og:description\" content=\"Golf Greens et cr\u00eates de golf R\u00c9DUIRE | R\u00c9UTILISER | RECYCLER Hybride, et G2G qui peut \u00eatre enti\u00e8rement recycl\u00e9e en une autre moquette de gazon artificiel de qualit\u00e9 similaire. En savoir plus Construction modulaire de la base CONSTRUCTION INNOVANTE DE LA BASE Les amortisseurs Turf Panel offrent des propri\u00e9t\u00e9s de s\u00e9curit\u00e9 constantes sur n&rsquo;importe quelle [&hellip;]\" \/>\n<meta property=\"og:url\" content=\"https:\/\/rsisportsgroup.com\/fr\/sports\/golf\/\" \/>\n<meta property=\"og:site_name\" content=\"RSI Sports Group\" \/>\n<meta property=\"article:publisher\" content=\"https:\/\/www.facebook.com\/RecreationalSystemsInternational\" \/>\n<meta property=\"article:modified_time\" content=\"2025-11-12T17:54:41+00:00\" \/>\n<meta property=\"og:image\" content=\"https:\/\/rsisportsgroup.com\/wp-content\/uploads\/2023\/02\/Grass-2-grass-logo.png\" \/>\n\t<meta property=\"og:image:width\" content=\"600\" \/>\n\t<meta property=\"og:image:height\" content=\"126\" \/>\n\t<meta property=\"og:image:type\" content=\"image\/png\" \/>\n<meta name=\"twitter:card\" content=\"summary_large_image\" \/>\n<meta name=\"twitter:label1\" content=\"Dur\u00e9e de lecture estim\u00e9e\" \/>\n\t<meta name=\"twitter:data1\" content=\"2 minutes\" \/>\n<script type=\"application\/ld+json\" class=\"yoast-schema-graph\">{\"@context\":\"https:\\\/\\\/schema.org\",\"@graph\":[{\"@type\":\"WebPage\",\"@id\":\"https:\\\/\\\/rsisportsgroup.com\\\/fr\\\/sports\\\/golf\\\/\",\"url\":\"https:\\\/\\\/rsisportsgroup.com\\\/fr\\\/sports\\\/golf\\\/\",\"name\":\"Golf - RSI Sports Group\",\"isPartOf\":{\"@id\":\"https:\\\/\\\/rsisportsgroup.com\\\/fr\\\/#website\"},\"primaryImageOfPage\":{\"@id\":\"https:\\\/\\\/rsisportsgroup.com\\\/fr\\\/sports\\\/golf\\\/#primaryimage\"},\"image\":{\"@id\":\"https:\\\/\\\/rsisportsgroup.com\\\/fr\\\/sports\\\/golf\\\/#primaryimage\"},\"thumbnailUrl\":\"https:\\\/\\\/rsisportsgroup.com\\\/wp-content\\\/uploads\\\/2023\\\/02\\\/Grass-2-grass-logo.png\",\"datePublished\":\"2023-02-02T13:42:47+00:00\",\"dateModified\":\"2025-11-12T17:54:41+00:00\",\"breadcrumb\":{\"@id\":\"https:\\\/\\\/rsisportsgroup.com\\\/fr\\\/sports\\\/golf\\\/#breadcrumb\"},\"inLanguage\":\"fr-FR\",\"potentialAction\":[{\"@type\":\"ReadAction\",\"target\":[\"https:\\\/\\\/rsisportsgroup.com\\\/fr\\\/sports\\\/golf\\\/\"]}]},{\"@type\":\"ImageObject\",\"inLanguage\":\"fr-FR\",\"@id\":\"https:\\\/\\\/rsisportsgroup.com\\\/fr\\\/sports\\\/golf\\\/#primaryimage\",\"url\":\"https:\\\/\\\/rsisportsgroup.com\\\/wp-content\\\/uploads\\\/2023\\\/02\\\/Grass-2-grass-logo.png\",\"contentUrl\":\"https:\\\/\\\/rsisportsgroup.com\\\/wp-content\\\/uploads\\\/2023\\\/02\\\/Grass-2-grass-logo.png\"},{\"@type\":\"BreadcrumbList\",\"@id\":\"https:\\\/\\\/rsisportsgroup.com\\\/fr\\\/sports\\\/golf\\\/#breadcrumb\",\"itemListElement\":[{\"@type\":\"ListItem\",\"position\":1,\"name\":\"Home\",\"item\":\"https:\\\/\\\/rsisportsgroup.com\\\/fr\\\/\"},{\"@type\":\"ListItem\",\"position\":2,\"name\":\"Sports\",\"item\":\"https:\\\/\\\/rsisportsgroup.com\\\/fr\\\/sports\\\/\"},{\"@type\":\"ListItem\",\"position\":3,\"name\":\"Golf\"}]},{\"@type\":\"WebSite\",\"@id\":\"https:\\\/\\\/rsisportsgroup.com\\\/fr\\\/#website\",\"url\":\"https:\\\/\\\/rsisportsgroup.com\\\/fr\\\/\",\"name\":\"RSI Sports Group\",\"description\":\"\",\"publisher\":{\"@id\":\"https:\\\/\\\/rsisportsgroup.com\\\/fr\\\/#organization\"},\"potentialAction\":[{\"@type\":\"SearchAction\",\"target\":{\"@type\":\"EntryPoint\",\"urlTemplate\":\"https:\\\/\\\/rsisportsgroup.com\\\/fr\\\/?s={search_term_string}\"},\"query-input\":{\"@type\":\"PropertyValueSpecification\",\"valueRequired\":true,\"valueName\":\"search_term_string\"}}],\"inLanguage\":\"fr-FR\"},{\"@type\":\"Organization\",\"@id\":\"https:\\\/\\\/rsisportsgroup.com\\\/fr\\\/#organization\",\"name\":\"RSI Sports Group\",\"url\":\"https:\\\/\\\/rsisportsgroup.com\\\/fr\\\/\",\"logo\":{\"@type\":\"ImageObject\",\"inLanguage\":\"fr-FR\",\"@id\":\"https:\\\/\\\/rsisportsgroup.com\\\/fr\\\/#\\\/schema\\\/logo\\\/image\\\/\",\"url\":\"https:\\\/\\\/rsisportsgroup.com\\\/wp-content\\\/uploads\\\/2023\\\/02\\\/rsi-sports-group-logo.png\",\"contentUrl\":\"https:\\\/\\\/rsisportsgroup.com\\\/wp-content\\\/uploads\\\/2023\\\/02\\\/rsi-sports-group-logo.png\",\"width\":600,\"height\":178,\"caption\":\"RSI Sports Group\"},\"image\":{\"@id\":\"https:\\\/\\\/rsisportsgroup.com\\\/fr\\\/#\\\/schema\\\/logo\\\/image\\\/\"},\"sameAs\":[\"https:\\\/\\\/www.facebook.com\\\/RecreationalSystemsInternational\",\"https:\\\/\\\/www.linkedin.com\\\/company\\\/recreationalsystemsinternational\\\/\",\"https:\\\/\\\/www.instagram.com\\\/recreationalsystems_int\\\/\"]}]}<\/script>\n<!-- \/ Yoast SEO plugin. -->","yoast_head_json":{"title":"Golf - RSI Sports Group","robots":{"index":"index","follow":"follow","max-snippet":"max-snippet:-1","max-image-preview":"max-image-preview:large","max-video-preview":"max-video-preview:-1"},"canonical":"https:\/\/rsisportsgroup.com\/fr\/sports\/golf\/","og_locale":"fr_FR","og_type":"article","og_title":"Golf - RSI Sports Group","og_description":"Golf Greens et cr\u00eates de golf R\u00c9DUIRE | R\u00c9UTILISER | RECYCLER Hybride, et G2G qui peut \u00eatre enti\u00e8rement recycl\u00e9e en une autre moquette de gazon artificiel de qualit\u00e9 similaire. En savoir plus Construction modulaire de la base CONSTRUCTION INNOVANTE DE LA BASE Les amortisseurs Turf Panel offrent des propri\u00e9t\u00e9s de s\u00e9curit\u00e9 constantes sur n&rsquo;importe quelle [&hellip;]","og_url":"https:\/\/rsisportsgroup.com\/fr\/sports\/golf\/","og_site_name":"RSI Sports Group","article_publisher":"https:\/\/www.facebook.com\/RecreationalSystemsInternational","article_modified_time":"2025-11-12T17:54:41+00:00","og_image":[{"width":600,"height":126,"url":"https:\/\/rsisportsgroup.com\/wp-content\/uploads\/2023\/02\/Grass-2-grass-logo.png","type":"image\/png"}],"twitter_card":"summary_large_image","twitter_misc":{"Dur\u00e9e de lecture estim\u00e9e":"2 minutes"},"schema":{"@context":"https:\/\/schema.org","@graph":[{"@type":"WebPage","@id":"https:\/\/rsisportsgroup.com\/fr\/sports\/golf\/","url":"https:\/\/rsisportsgroup.com\/fr\/sports\/golf\/","name":"Golf - RSI Sports Group","isPartOf":{"@id":"https:\/\/rsisportsgroup.com\/fr\/#website"},"primaryImageOfPage":{"@id":"https:\/\/rsisportsgroup.com\/fr\/sports\/golf\/#primaryimage"},"image":{"@id":"https:\/\/rsisportsgroup.com\/fr\/sports\/golf\/#primaryimage"},"thumbnailUrl":"https:\/\/rsisportsgroup.com\/wp-content\/uploads\/2023\/02\/Grass-2-grass-logo.png","datePublished":"2023-02-02T13:42:47+00:00","dateModified":"2025-11-12T17:54:41+00:00","breadcrumb":{"@id":"https:\/\/rsisportsgroup.com\/fr\/sports\/golf\/#breadcrumb"},"inLanguage":"fr-FR","potentialAction":[{"@type":"ReadAction","target":["https:\/\/rsisportsgroup.com\/fr\/sports\/golf\/"]}]},{"@type":"ImageObject","inLanguage":"fr-FR","@id":"https:\/\/rsisportsgroup.com\/fr\/sports\/golf\/#primaryimage","url":"https:\/\/rsisportsgroup.com\/wp-content\/uploads\/2023\/02\/Grass-2-grass-logo.png","contentUrl":"https:\/\/rsisportsgroup.com\/wp-content\/uploads\/2023\/02\/Grass-2-grass-logo.png"},{"@type":"BreadcrumbList","@id":"https:\/\/rsisportsgroup.com\/fr\/sports\/golf\/#breadcrumb","itemListElement":[{"@type":"ListItem","position":1,"name":"Home","item":"https:\/\/rsisportsgroup.com\/fr\/"},{"@type":"ListItem","position":2,"name":"Sports","item":"https:\/\/rsisportsgroup.com\/fr\/sports\/"},{"@type":"ListItem","position":3,"name":"Golf"}]},{"@type":"WebSite","@id":"https:\/\/rsisportsgroup.com\/fr\/#website","url":"https:\/\/rsisportsgroup.com\/fr\/","name":"RSI Sports Group","description":"","publisher":{"@id":"https:\/\/rsisportsgroup.com\/fr\/#organization"},"potentialAction":[{"@type":"SearchAction","target":{"@type":"EntryPoint","urlTemplate":"https:\/\/rsisportsgroup.com\/fr\/?s={search_term_string}"},"query-input":{"@type":"PropertyValueSpecification","valueRequired":true,"valueName":"search_term_string"}}],"inLanguage":"fr-FR"},{"@type":"Organization","@id":"https:\/\/rsisportsgroup.com\/fr\/#organization","name":"RSI Sports Group","url":"https:\/\/rsisportsgroup.com\/fr\/","logo":{"@type":"ImageObject","inLanguage":"fr-FR","@id":"https:\/\/rsisportsgroup.com\/fr\/#\/schema\/logo\/image\/","url":"https:\/\/rsisportsgroup.com\/wp-content\/uploads\/2023\/02\/rsi-sports-group-logo.png","contentUrl":"https:\/\/rsisportsgroup.com\/wp-content\/uploads\/2023\/02\/rsi-sports-group-logo.png","width":600,"height":178,"caption":"RSI Sports Group"},"image":{"@id":"https:\/\/rsisportsgroup.com\/fr\/#\/schema\/logo\/image\/"},"sameAs":["https:\/\/www.facebook.com\/RecreationalSystemsInternational","https:\/\/www.linkedin.com\/company\/recreationalsystemsinternational\/","https:\/\/www.instagram.com\/recreationalsystems_int\/"]}]}},"_links":{"self":[{"href":"https:\/\/rsisportsgroup.com\/fr\/wp-json\/wp\/v2\/pages\/1737","targetHints":{"allow":["GET"]}}],"collection":[{"href":"https:\/\/rsisportsgroup.com\/fr\/wp-json\/wp\/v2\/pages"}],"about":[{"href":"https:\/\/rsisportsgroup.com\/fr\/wp-json\/wp\/v2\/types\/page"}],"author":[{"embeddable":true,"href":"https:\/\/rsisportsgroup.com\/fr\/wp-json\/wp\/v2\/users\/2"}],"replies":[{"embeddable":true,"href":"https:\/\/rsisportsgroup.com\/fr\/wp-json\/wp\/v2\/comments?post=1737"}],"version-history":[{"count":3,"href":"https:\/\/rsisportsgroup.com\/fr\/wp-json\/wp\/v2\/pages\/1737\/revisions"}],"predecessor-version":[{"id":3627,"href":"https:\/\/rsisportsgroup.com\/fr\/wp-json\/wp\/v2\/pages\/1737\/revisions\/3627"}],"up":[{"embeddable":true,"href":"https:\/\/rsisportsgroup.com\/fr\/wp-json\/wp\/v2\/pages\/1749"}],"wp:attachment":[{"href":"https:\/\/rsisportsgroup.com\/fr\/wp-json\/wp\/v2\/media?parent=1737"}],"curies":[{"name":"wp","href":"https:\/\/api.w.org\/{rel}","templated":true}]}}