{"id":1731,"date":"2023-02-02T13:43:14","date_gmt":"2023-02-02T13:43:14","guid":{"rendered":"https:\/\/rsisportsgroup.com\/basketball\/"},"modified":"2023-05-23T19:21:43","modified_gmt":"2023-05-23T19:21:43","slug":"basketball","status":"publish","type":"page","link":"https:\/\/rsisportsgroup.com\/fr\/sports\/basketball\/","title":{"rendered":"Basket-ball"},"content":{"rendered":"\t\t<div data-elementor-type=\"wp-page\" data-elementor-id=\"1731\" class=\"elementor elementor-1731 elementor-39\" data-elementor-post-type=\"page\">\n\t\t\t\t\t\t<section class=\"elementor-section elementor-top-section elementor-element elementor-element-f9df649 elementor-section-height-min-height elementor-section-items-bottom elementor-section-boxed elementor-section-height-default\" data-id=\"f9df649\" data-element_type=\"section\" data-e-type=\"section\" data-settings=\"{&quot;background_background&quot;:&quot;classic&quot;}\">\n\t\t\t\t\t\t\t<div class=\"elementor-background-overlay\"><\/div>\n\t\t\t\t\t\t\t<div class=\"elementor-container elementor-column-gap-default\">\n\t\t\t\t\t<div class=\"elementor-column elementor-col-100 elementor-top-column elementor-element elementor-element-c6a876b\" data-id=\"c6a876b\" data-element_type=\"column\" data-e-type=\"column\">\n\t\t\t<div class=\"elementor-widget-wrap elementor-element-populated\">\n\t\t\t\t\t\t<div class=\"elementor-element elementor-element-ad5ec32 elementor-widget elementor-widget-heading\" data-id=\"ad5ec32\" data-element_type=\"widget\" data-e-type=\"widget\" data-widget_type=\"heading.default\">\n\t\t\t\t<div class=\"elementor-widget-container\">\n\t\t\t\t\t<h1 class=\"elementor-heading-title elementor-size-default\">Basket-ball<\/h1>\t\t\t\t<\/div>\n\t\t\t\t<\/div>\n\t\t\t\t\t<\/div>\n\t\t<\/div>\n\t\t\t\t\t<\/div>\n\t\t<\/section>\n\t\t\t\t<section class=\"elementor-section elementor-top-section elementor-element elementor-element-f5ea543 elementor-section-height-min-height elementor-section-boxed elementor-section-height-default elementor-section-items-middle\" data-id=\"f5ea543\" data-element_type=\"section\" data-e-type=\"section\">\n\t\t\t\t\t\t<div class=\"elementor-container elementor-column-gap-default\">\n\t\t\t\t\t<div class=\"elementor-column elementor-col-50 elementor-top-column elementor-element elementor-element-e102dea animated-fast elementor-invisible\" data-id=\"e102dea\" data-element_type=\"column\" data-e-type=\"column\" data-settings=\"{&quot;animation&quot;:&quot;fadeInLeft&quot;}\">\n\t\t\t<div class=\"elementor-widget-wrap elementor-element-populated\">\n\t\t\t\t\t\t<div class=\"elementor-element elementor-element-fa5a5fd elementor-widget elementor-widget-heading\" data-id=\"fa5a5fd\" data-element_type=\"widget\" data-e-type=\"widget\" data-widget_type=\"heading.default\">\n\t\t\t\t<div class=\"elementor-widget-container\">\n\t\t\t\t\t<h2 class=\"elementor-heading-title elementor-size-default\">Terrains de basket modulaires<\/h2>\t\t\t\t<\/div>\n\t\t\t\t<\/div>\n\t\t\t\t<div class=\"elementor-element elementor-element-de59a78 elementor-widget elementor-widget-heading\" data-id=\"de59a78\" data-element_type=\"widget\" data-e-type=\"widget\" data-widget_type=\"heading.default\">\n\t\t\t\t<div class=\"elementor-widget-container\">\n\t\t\t\t\t<h2 class=\"elementor-heading-title elementor-size-default\">CLIQUEZ ET JOUEZ<\/h2>\t\t\t\t<\/div>\n\t\t\t\t<\/div>\n\t\t\t\t<div class=\"elementor-element elementor-element-7a5cb2b elementor-widget elementor-widget-text-editor\" data-id=\"7a5cb2b\" data-element_type=\"widget\" data-e-type=\"widget\" data-widget_type=\"text-editor.default\">\n\t\t\t\t<div class=\"elementor-widget-container\">\n\t\t\t\t\t\t\t\t\t<p>Les dalles et les terrains Versacourt sont des surfaces durables pour une grande vari\u00e9t\u00e9 de sports. Il s&rsquo;agit notamment du basket-ball, du tennis, du football, du hockey, du netball ou de Hockey5s, pour n&rsquo;en citer que quelques-uns.<\/p>\n\t\t\t\t\t\t\t\t<\/div>\n\t\t\t\t<\/div>\n\t\t\t\t<div class=\"elementor-element elementor-element-9759e86 elementor-widget__width-initial elementor-widget elementor-widget-button\" data-id=\"9759e86\" data-element_type=\"widget\" data-e-type=\"widget\" data-widget_type=\"button.default\">\n\t\t\t\t<div class=\"elementor-widget-container\">\n\t\t\t\t\t\t\t\t\t<div class=\"elementor-button-wrapper\">\n\t\t\t\t\t<a class=\"elementor-button elementor-button-link elementor-size-sm\" href=\"https:\/\/www.versacourt.com\/\">\n\t\t\t\t\t\t<span class=\"elementor-button-content-wrapper\">\n\t\t\t\t\t\t\t\t\t<span class=\"elementor-button-text\">En savoir plus<\/span>\n\t\t\t\t\t<\/span>\n\t\t\t\t\t<\/a>\n\t\t\t\t<\/div>\n\t\t\t\t\t\t\t\t<\/div>\n\t\t\t\t<\/div>\n\t\t\t\t<div class=\"elementor-element elementor-element-35fdb9b elementor-widget__width-initial elementor-widget elementor-widget-image\" data-id=\"35fdb9b\" data-element_type=\"widget\" data-e-type=\"widget\" data-widget_type=\"image.default\">\n\t\t\t\t<div class=\"elementor-widget-container\">\n\t\t\t\t\t\t\t\t\t\t\t\t\t\t\t<img fetchpriority=\"high\" decoding=\"async\" width=\"600\" height=\"197\" src=\"https:\/\/rsisportsgroup.com\/wp-content\/uploads\/2023\/02\/logo-versacourt.png\" class=\"attachment-large size-large wp-image-1191\" alt=\"\" srcset=\"https:\/\/rsisportsgroup.com\/wp-content\/uploads\/2023\/02\/logo-versacourt.png 600w, https:\/\/rsisportsgroup.com\/wp-content\/uploads\/2023\/02\/logo-versacourt-300x99.png 300w\" sizes=\"(max-width: 600px) 100vw, 600px\" \/>\t\t\t\t\t\t\t\t\t\t\t\t\t\t\t<\/div>\n\t\t\t\t<\/div>\n\t\t\t\t\t<\/div>\n\t\t<\/div>\n\t\t\t\t<div class=\"elementor-column elementor-col-50 elementor-top-column elementor-element elementor-element-3b08af3 animated-fast elementor-invisible\" data-id=\"3b08af3\" data-element_type=\"column\" data-e-type=\"column\" data-settings=\"{&quot;background_background&quot;:&quot;classic&quot;,&quot;animation&quot;:&quot;fadeInUp&quot;}\">\n\t\t\t<div class=\"elementor-widget-wrap elementor-element-populated\">\n\t\t\t\t\t\t<div class=\"elementor-element elementor-element-e10903d elementor-widget elementor-widget-spacer\" data-id=\"e10903d\" data-element_type=\"widget\" data-e-type=\"widget\" data-widget_type=\"spacer.default\">\n\t\t\t\t<div class=\"elementor-widget-container\">\n\t\t\t\t\t\t\t<div class=\"elementor-spacer\">\n\t\t\t<div class=\"elementor-spacer-inner\"><\/div>\n\t\t<\/div>\n\t\t\t\t\t\t<\/div>\n\t\t\t\t<\/div>\n\t\t\t\t\t<\/div>\n\t\t<\/div>\n\t\t\t\t\t<\/div>\n\t\t<\/section>\n\t\t\t\t<section class=\"elementor-section elementor-top-section elementor-element elementor-element-5cdb75f elementor-section-height-min-height elementor-reverse-mobile elementor-section-boxed elementor-section-height-default elementor-section-items-middle\" data-id=\"5cdb75f\" data-element_type=\"section\" data-e-type=\"section\">\n\t\t\t\t\t\t<div class=\"elementor-container elementor-column-gap-default\">\n\t\t\t\t\t<div class=\"elementor-column elementor-col-50 elementor-top-column elementor-element elementor-element-f0a021d animated-fast elementor-invisible\" data-id=\"f0a021d\" data-element_type=\"column\" data-e-type=\"column\" data-settings=\"{&quot;background_background&quot;:&quot;classic&quot;,&quot;animation&quot;:&quot;fadeInUp&quot;}\">\n\t\t\t<div class=\"elementor-widget-wrap elementor-element-populated\">\n\t\t\t\t\t\t<div class=\"elementor-element elementor-element-8fdc724 elementor-widget elementor-widget-spacer\" data-id=\"8fdc724\" data-element_type=\"widget\" data-e-type=\"widget\" data-widget_type=\"spacer.default\">\n\t\t\t\t<div class=\"elementor-widget-container\">\n\t\t\t\t\t\t\t<div class=\"elementor-spacer\">\n\t\t\t<div class=\"elementor-spacer-inner\"><\/div>\n\t\t<\/div>\n\t\t\t\t\t\t<\/div>\n\t\t\t\t<\/div>\n\t\t\t\t\t<\/div>\n\t\t<\/div>\n\t\t\t\t<div class=\"elementor-column elementor-col-50 elementor-top-column elementor-element elementor-element-912a21d animated-fast elementor-invisible\" data-id=\"912a21d\" data-element_type=\"column\" data-e-type=\"column\" data-settings=\"{&quot;animation&quot;:&quot;fadeInLeft&quot;}\">\n\t\t\t<div class=\"elementor-widget-wrap elementor-element-populated\">\n\t\t\t\t\t\t<div class=\"elementor-element elementor-element-28a2546 elementor-widget elementor-widget-heading\" data-id=\"28a2546\" data-element_type=\"widget\" data-e-type=\"widget\" data-widget_type=\"heading.default\">\n\t\t\t\t<div class=\"elementor-widget-container\">\n\t\t\t\t\t<h2 class=\"elementor-heading-title elementor-size-default\">Construction modulaire de la base<\/h2>\t\t\t\t<\/div>\n\t\t\t\t<\/div>\n\t\t\t\t<div class=\"elementor-element elementor-element-3888b90 elementor-widget elementor-widget-heading\" data-id=\"3888b90\" data-element_type=\"widget\" data-e-type=\"widget\" data-widget_type=\"heading.default\">\n\t\t\t\t<div class=\"elementor-widget-container\">\n\t\t\t\t\t<h2 class=\"elementor-heading-title elementor-size-default\">CONSTRUCTION INNOVANTE DE LA BASE<\/h2>\t\t\t\t<\/div>\n\t\t\t\t<\/div>\n\t\t\t\t<div class=\"elementor-element elementor-element-efc937f elementor-widget elementor-widget-text-editor\" data-id=\"efc937f\" data-element_type=\"widget\" data-e-type=\"widget\" data-widget_type=\"text-editor.default\">\n\t\t\t\t<div class=\"elementor-widget-container\">\n\t\t\t\t\t\t\t\t\t<p>Turf Panel shockpass offre des propri\u00e9t\u00e9s de s\u00e9curit\u00e9 constantes \u00e0 tout terrain en gazon artificiel et \u00e0 tout rev\u00eatement de sol en panneaux.<\/p>\n\t\t\t\t\t\t\t\t<\/div>\n\t\t\t\t<\/div>\n\t\t\t\t<div class=\"elementor-element elementor-element-b81218d elementor-widget__width-initial elementor-widget elementor-widget-button\" data-id=\"b81218d\" data-element_type=\"widget\" data-e-type=\"widget\" data-widget_type=\"button.default\">\n\t\t\t\t<div class=\"elementor-widget-container\">\n\t\t\t\t\t\t\t\t\t<div class=\"elementor-button-wrapper\">\n\t\t\t\t\t<a class=\"elementor-button elementor-button-link elementor-size-sm\" href=\"https:\/\/turfpanels.com\/en\/\">\n\t\t\t\t\t\t<span class=\"elementor-button-content-wrapper\">\n\t\t\t\t\t\t\t\t\t<span class=\"elementor-button-text\">En savoir plus<\/span>\n\t\t\t\t\t<\/span>\n\t\t\t\t\t<\/a>\n\t\t\t\t<\/div>\n\t\t\t\t\t\t\t\t<\/div>\n\t\t\t\t<\/div>\n\t\t\t\t<div class=\"elementor-element elementor-element-6eb8d07 elementor-widget__width-initial elementor-widget elementor-widget-image\" data-id=\"6eb8d07\" data-element_type=\"widget\" data-e-type=\"widget\" data-widget_type=\"image.default\">\n\t\t\t\t<div class=\"elementor-widget-container\">\n\t\t\t\t\t\t\t\t\t\t\t\t\t\t\t<img decoding=\"async\" width=\"600\" height=\"202\" src=\"https:\/\/rsisportsgroup.com\/wp-content\/uploads\/2023\/02\/Logo-turf-panels-.png\" class=\"attachment-large size-large wp-image-1185\" alt=\"\" srcset=\"https:\/\/rsisportsgroup.com\/wp-content\/uploads\/2023\/02\/Logo-turf-panels-.png 600w, https:\/\/rsisportsgroup.com\/wp-content\/uploads\/2023\/02\/Logo-turf-panels--300x101.png 300w\" sizes=\"(max-width: 600px) 100vw, 600px\" \/>\t\t\t\t\t\t\t\t\t\t\t\t\t\t\t<\/div>\n\t\t\t\t<\/div>\n\t\t\t\t\t<\/div>\n\t\t<\/div>\n\t\t\t\t\t<\/div>\n\t\t<\/section>\n\t\t\t\t<section class=\"elementor-section elementor-top-section elementor-element elementor-element-c420e89 elementor-section-height-min-height elementor-section-boxed elementor-section-height-default elementor-section-items-middle\" data-id=\"c420e89\" data-element_type=\"section\" data-e-type=\"section\">\n\t\t\t\t\t\t<div class=\"elementor-container elementor-column-gap-default\">\n\t\t\t\t\t<div class=\"elementor-column elementor-col-50 elementor-top-column elementor-element elementor-element-e5af951 animated-fast elementor-invisible\" data-id=\"e5af951\" data-element_type=\"column\" data-e-type=\"column\" data-settings=\"{&quot;animation&quot;:&quot;fadeInLeft&quot;}\">\n\t\t\t<div class=\"elementor-widget-wrap elementor-element-populated\">\n\t\t\t\t\t\t<div class=\"elementor-element elementor-element-396ec7b elementor-widget elementor-widget-heading\" data-id=\"396ec7b\" data-element_type=\"widget\" data-e-type=\"widget\" data-widget_type=\"heading.default\">\n\t\t\t\t<div class=\"elementor-widget-container\">\n\t\t\t\t\t<h2 class=\"elementor-heading-title elementor-size-default\">Girouettes pour le basket-ball<\/h2>\t\t\t\t<\/div>\n\t\t\t\t<\/div>\n\t\t\t\t<div class=\"elementor-element elementor-element-a21e50f elementor-widget elementor-widget-heading\" data-id=\"a21e50f\" data-element_type=\"widget\" data-e-type=\"widget\" data-widget_type=\"heading.default\">\n\t\t\t\t<div class=\"elementor-widget-container\">\n\t\t\t\t\t<h2 class=\"elementor-heading-title elementor-size-default\">UN SUCC\u00c8S TOUT AU LONG DE L'ANN\u00c9E<\/h2>\t\t\t\t<\/div>\n\t\t\t\t<\/div>\n\t\t\t\t<div class=\"elementor-element elementor-element-f71212d elementor-widget elementor-widget-text-editor\" data-id=\"f71212d\" data-element_type=\"widget\" data-e-type=\"widget\" data-widget_type=\"text-editor.default\">\n\t\t\t\t<div class=\"elementor-widget-container\">\n\t\t\t\t\t\t\t\t\t<p>Installations innovantes de basket-ball en salle, durables, rentables et r\u00e9sistantes aux intemp\u00e9ries.<\/p>\n\t\t\t\t\t\t\t\t<\/div>\n\t\t\t\t<\/div>\n\t\t\t\t<div class=\"elementor-element elementor-element-f94a695 elementor-widget__width-initial elementor-widget elementor-widget-button\" data-id=\"f94a695\" data-element_type=\"widget\" data-e-type=\"widget\" data-widget_type=\"button.default\">\n\t\t\t\t<div class=\"elementor-widget-container\">\n\t\t\t\t\t\t\t\t\t<div class=\"elementor-button-wrapper\">\n\t\t\t\t\t<a class=\"elementor-button elementor-button-link elementor-size-sm\" href=\"https:\/\/duol.eu\/\">\n\t\t\t\t\t\t<span class=\"elementor-button-content-wrapper\">\n\t\t\t\t\t\t\t\t\t<span class=\"elementor-button-text\">En savoir plus<\/span>\n\t\t\t\t\t<\/span>\n\t\t\t\t\t<\/a>\n\t\t\t\t<\/div>\n\t\t\t\t\t\t\t\t<\/div>\n\t\t\t\t<\/div>\n\t\t\t\t<div class=\"elementor-element elementor-element-738adcf elementor-widget__width-initial elementor-widget elementor-widget-image\" data-id=\"738adcf\" data-element_type=\"widget\" data-e-type=\"widget\" data-widget_type=\"image.default\">\n\t\t\t\t<div class=\"elementor-widget-container\">\n\t\t\t\t\t\t\t\t\t\t\t\t\t\t\t<img decoding=\"async\" width=\"528\" height=\"185\" src=\"https:\/\/rsisportsgroup.com\/wp-content\/uploads\/2023\/02\/logo-duol.png\" class=\"attachment-large size-large wp-image-1143\" alt=\"\" srcset=\"https:\/\/rsisportsgroup.com\/wp-content\/uploads\/2023\/02\/logo-duol.png 528w, https:\/\/rsisportsgroup.com\/wp-content\/uploads\/2023\/02\/logo-duol-300x105.png 300w\" sizes=\"(max-width: 528px) 100vw, 528px\" \/>\t\t\t\t\t\t\t\t\t\t\t\t\t\t\t<\/div>\n\t\t\t\t<\/div>\n\t\t\t\t\t<\/div>\n\t\t<\/div>\n\t\t\t\t<div class=\"elementor-column elementor-col-50 elementor-top-column elementor-element elementor-element-69cfc69 animated-fast elementor-invisible\" data-id=\"69cfc69\" data-element_type=\"column\" data-e-type=\"column\" data-settings=\"{&quot;background_background&quot;:&quot;classic&quot;,&quot;animation&quot;:&quot;fadeInUp&quot;}\">\n\t\t\t<div class=\"elementor-widget-wrap elementor-element-populated\">\n\t\t\t\t\t\t<div class=\"elementor-element elementor-element-00eafb5 elementor-widget elementor-widget-spacer\" data-id=\"00eafb5\" data-element_type=\"widget\" data-e-type=\"widget\" data-widget_type=\"spacer.default\">\n\t\t\t\t<div class=\"elementor-widget-container\">\n\t\t\t\t\t\t\t<div class=\"elementor-spacer\">\n\t\t\t<div class=\"elementor-spacer-inner\"><\/div>\n\t\t<\/div>\n\t\t\t\t\t\t<\/div>\n\t\t\t\t<\/div>\n\t\t\t\t\t<\/div>\n\t\t<\/div>\n\t\t\t\t\t<\/div>\n\t\t<\/section>\n\t\t\t\t<\/div>\n\t\t","protected":false},"excerpt":{"rendered":"<p>Basket-ball Terrains de basket modulaires CLIQUEZ ET JOUEZ Les dalles et les terrains Versacourt sont des surfaces durables pour une grande vari\u00e9t\u00e9 de sports. Il s&rsquo;agit notamment du basket-ball, du tennis, du football, du hockey, du netball ou de Hockey5s, pour n&rsquo;en citer que quelques-uns. En savoir plus Construction modulaire de la base CONSTRUCTION INNOVANTE [&hellip;]<\/p>\n","protected":false},"author":2,"featured_media":0,"parent":1749,"menu_order":0,"comment_status":"closed","ping_status":"closed","template":"","meta":{"footnotes":""},"class_list":["post-1731","page","type-page","status-publish","hentry"],"yoast_head":"<!-- This site is optimized with the Yoast SEO plugin v27.3 - https:\/\/yoast.com\/product\/yoast-seo-wordpress\/ -->\n<title>Basket-ball - RSI Sports Group<\/title>\n<meta name=\"robots\" content=\"index, follow, max-snippet:-1, max-image-preview:large, max-video-preview:-1\" \/>\n<link rel=\"canonical\" href=\"https:\/\/rsisportsgroup.com\/fr\/sports\/basketball\/\" \/>\n<meta property=\"og:locale\" content=\"fr_FR\" \/>\n<meta property=\"og:type\" content=\"article\" \/>\n<meta property=\"og:title\" content=\"Basket-ball - RSI Sports Group\" \/>\n<meta property=\"og:description\" content=\"Basket-ball Terrains de basket modulaires CLIQUEZ ET JOUEZ Les dalles et les terrains Versacourt sont des surfaces durables pour une grande vari\u00e9t\u00e9 de sports. Il s&rsquo;agit notamment du basket-ball, du tennis, du football, du hockey, du netball ou de Hockey5s, pour n&rsquo;en citer que quelques-uns. En savoir plus Construction modulaire de la base CONSTRUCTION INNOVANTE [&hellip;]\" \/>\n<meta property=\"og:url\" content=\"https:\/\/rsisportsgroup.com\/fr\/sports\/basketball\/\" \/>\n<meta property=\"og:site_name\" content=\"RSI Sports Group\" \/>\n<meta property=\"article:publisher\" content=\"https:\/\/www.facebook.com\/RecreationalSystemsInternational\" \/>\n<meta property=\"article:modified_time\" content=\"2023-05-23T19:21:43+00:00\" \/>\n<meta property=\"og:image\" content=\"https:\/\/rsisportsgroup.com\/wp-content\/uploads\/2023\/02\/logo-versacourt.png\" \/>\n<meta name=\"twitter:card\" content=\"summary_large_image\" \/>\n<meta name=\"twitter:label1\" content=\"Dur\u00e9e de lecture estim\u00e9e\" \/>\n\t<meta name=\"twitter:data1\" content=\"1 minute\" \/>\n<script type=\"application\/ld+json\" class=\"yoast-schema-graph\">{\"@context\":\"https:\\\/\\\/schema.org\",\"@graph\":[{\"@type\":\"WebPage\",\"@id\":\"https:\\\/\\\/rsisportsgroup.com\\\/fr\\\/sports\\\/basketball\\\/\",\"url\":\"https:\\\/\\\/rsisportsgroup.com\\\/fr\\\/sports\\\/basketball\\\/\",\"name\":\"Basket-ball - RSI Sports Group\",\"isPartOf\":{\"@id\":\"https:\\\/\\\/rsisportsgroup.com\\\/fr\\\/#website\"},\"primaryImageOfPage\":{\"@id\":\"https:\\\/\\\/rsisportsgroup.com\\\/fr\\\/sports\\\/basketball\\\/#primaryimage\"},\"image\":{\"@id\":\"https:\\\/\\\/rsisportsgroup.com\\\/fr\\\/sports\\\/basketball\\\/#primaryimage\"},\"thumbnailUrl\":\"https:\\\/\\\/rsisportsgroup.com\\\/wp-content\\\/uploads\\\/2023\\\/02\\\/logo-versacourt.png\",\"datePublished\":\"2023-02-02T13:43:14+00:00\",\"dateModified\":\"2023-05-23T19:21:43+00:00\",\"breadcrumb\":{\"@id\":\"https:\\\/\\\/rsisportsgroup.com\\\/fr\\\/sports\\\/basketball\\\/#breadcrumb\"},\"inLanguage\":\"fr-FR\",\"potentialAction\":[{\"@type\":\"ReadAction\",\"target\":[\"https:\\\/\\\/rsisportsgroup.com\\\/fr\\\/sports\\\/basketball\\\/\"]}]},{\"@type\":\"ImageObject\",\"inLanguage\":\"fr-FR\",\"@id\":\"https:\\\/\\\/rsisportsgroup.com\\\/fr\\\/sports\\\/basketball\\\/#primaryimage\",\"url\":\"https:\\\/\\\/rsisportsgroup.com\\\/wp-content\\\/uploads\\\/2023\\\/02\\\/logo-versacourt.png\",\"contentUrl\":\"https:\\\/\\\/rsisportsgroup.com\\\/wp-content\\\/uploads\\\/2023\\\/02\\\/logo-versacourt.png\"},{\"@type\":\"BreadcrumbList\",\"@id\":\"https:\\\/\\\/rsisportsgroup.com\\\/fr\\\/sports\\\/basketball\\\/#breadcrumb\",\"itemListElement\":[{\"@type\":\"ListItem\",\"position\":1,\"name\":\"Home\",\"item\":\"https:\\\/\\\/rsisportsgroup.com\\\/fr\\\/\"},{\"@type\":\"ListItem\",\"position\":2,\"name\":\"Sports\",\"item\":\"https:\\\/\\\/rsisportsgroup.com\\\/fr\\\/sports\\\/\"},{\"@type\":\"ListItem\",\"position\":3,\"name\":\"Basket-ball\"}]},{\"@type\":\"WebSite\",\"@id\":\"https:\\\/\\\/rsisportsgroup.com\\\/fr\\\/#website\",\"url\":\"https:\\\/\\\/rsisportsgroup.com\\\/fr\\\/\",\"name\":\"RSI Sports Group\",\"description\":\"\",\"publisher\":{\"@id\":\"https:\\\/\\\/rsisportsgroup.com\\\/fr\\\/#organization\"},\"potentialAction\":[{\"@type\":\"SearchAction\",\"target\":{\"@type\":\"EntryPoint\",\"urlTemplate\":\"https:\\\/\\\/rsisportsgroup.com\\\/fr\\\/?s={search_term_string}\"},\"query-input\":{\"@type\":\"PropertyValueSpecification\",\"valueRequired\":true,\"valueName\":\"search_term_string\"}}],\"inLanguage\":\"fr-FR\"},{\"@type\":\"Organization\",\"@id\":\"https:\\\/\\\/rsisportsgroup.com\\\/fr\\\/#organization\",\"name\":\"RSI Sports Group\",\"url\":\"https:\\\/\\\/rsisportsgroup.com\\\/fr\\\/\",\"logo\":{\"@type\":\"ImageObject\",\"inLanguage\":\"fr-FR\",\"@id\":\"https:\\\/\\\/rsisportsgroup.com\\\/fr\\\/#\\\/schema\\\/logo\\\/image\\\/\",\"url\":\"https:\\\/\\\/rsisportsgroup.com\\\/wp-content\\\/uploads\\\/2023\\\/02\\\/rsi-sports-group-logo.png\",\"contentUrl\":\"https:\\\/\\\/rsisportsgroup.com\\\/wp-content\\\/uploads\\\/2023\\\/02\\\/rsi-sports-group-logo.png\",\"width\":600,\"height\":178,\"caption\":\"RSI Sports Group\"},\"image\":{\"@id\":\"https:\\\/\\\/rsisportsgroup.com\\\/fr\\\/#\\\/schema\\\/logo\\\/image\\\/\"},\"sameAs\":[\"https:\\\/\\\/www.facebook.com\\\/RecreationalSystemsInternational\",\"https:\\\/\\\/www.linkedin.com\\\/company\\\/recreationalsystemsinternational\\\/\",\"https:\\\/\\\/www.instagram.com\\\/recreationalsystems_int\\\/\"]}]}<\/script>\n<!-- \/ Yoast SEO plugin. -->","yoast_head_json":{"title":"Basket-ball - RSI Sports Group","robots":{"index":"index","follow":"follow","max-snippet":"max-snippet:-1","max-image-preview":"max-image-preview:large","max-video-preview":"max-video-preview:-1"},"canonical":"https:\/\/rsisportsgroup.com\/fr\/sports\/basketball\/","og_locale":"fr_FR","og_type":"article","og_title":"Basket-ball - RSI Sports Group","og_description":"Basket-ball Terrains de basket modulaires CLIQUEZ ET JOUEZ Les dalles et les terrains Versacourt sont des surfaces durables pour une grande vari\u00e9t\u00e9 de sports. Il s&rsquo;agit notamment du basket-ball, du tennis, du football, du hockey, du netball ou de Hockey5s, pour n&rsquo;en citer que quelques-uns. En savoir plus Construction modulaire de la base CONSTRUCTION INNOVANTE [&hellip;]","og_url":"https:\/\/rsisportsgroup.com\/fr\/sports\/basketball\/","og_site_name":"RSI Sports Group","article_publisher":"https:\/\/www.facebook.com\/RecreationalSystemsInternational","article_modified_time":"2023-05-23T19:21:43+00:00","og_image":[{"url":"https:\/\/rsisportsgroup.com\/wp-content\/uploads\/2023\/02\/logo-versacourt.png","type":"","width":"","height":""}],"twitter_card":"summary_large_image","twitter_misc":{"Dur\u00e9e de lecture estim\u00e9e":"1 minute"},"schema":{"@context":"https:\/\/schema.org","@graph":[{"@type":"WebPage","@id":"https:\/\/rsisportsgroup.com\/fr\/sports\/basketball\/","url":"https:\/\/rsisportsgroup.com\/fr\/sports\/basketball\/","name":"Basket-ball - RSI Sports Group","isPartOf":{"@id":"https:\/\/rsisportsgroup.com\/fr\/#website"},"primaryImageOfPage":{"@id":"https:\/\/rsisportsgroup.com\/fr\/sports\/basketball\/#primaryimage"},"image":{"@id":"https:\/\/rsisportsgroup.com\/fr\/sports\/basketball\/#primaryimage"},"thumbnailUrl":"https:\/\/rsisportsgroup.com\/wp-content\/uploads\/2023\/02\/logo-versacourt.png","datePublished":"2023-02-02T13:43:14+00:00","dateModified":"2023-05-23T19:21:43+00:00","breadcrumb":{"@id":"https:\/\/rsisportsgroup.com\/fr\/sports\/basketball\/#breadcrumb"},"inLanguage":"fr-FR","potentialAction":[{"@type":"ReadAction","target":["https:\/\/rsisportsgroup.com\/fr\/sports\/basketball\/"]}]},{"@type":"ImageObject","inLanguage":"fr-FR","@id":"https:\/\/rsisportsgroup.com\/fr\/sports\/basketball\/#primaryimage","url":"https:\/\/rsisportsgroup.com\/wp-content\/uploads\/2023\/02\/logo-versacourt.png","contentUrl":"https:\/\/rsisportsgroup.com\/wp-content\/uploads\/2023\/02\/logo-versacourt.png"},{"@type":"BreadcrumbList","@id":"https:\/\/rsisportsgroup.com\/fr\/sports\/basketball\/#breadcrumb","itemListElement":[{"@type":"ListItem","position":1,"name":"Home","item":"https:\/\/rsisportsgroup.com\/fr\/"},{"@type":"ListItem","position":2,"name":"Sports","item":"https:\/\/rsisportsgroup.com\/fr\/sports\/"},{"@type":"ListItem","position":3,"name":"Basket-ball"}]},{"@type":"WebSite","@id":"https:\/\/rsisportsgroup.com\/fr\/#website","url":"https:\/\/rsisportsgroup.com\/fr\/","name":"RSI Sports Group","description":"","publisher":{"@id":"https:\/\/rsisportsgroup.com\/fr\/#organization"},"potentialAction":[{"@type":"SearchAction","target":{"@type":"EntryPoint","urlTemplate":"https:\/\/rsisportsgroup.com\/fr\/?s={search_term_string}"},"query-input":{"@type":"PropertyValueSpecification","valueRequired":true,"valueName":"search_term_string"}}],"inLanguage":"fr-FR"},{"@type":"Organization","@id":"https:\/\/rsisportsgroup.com\/fr\/#organization","name":"RSI Sports Group","url":"https:\/\/rsisportsgroup.com\/fr\/","logo":{"@type":"ImageObject","inLanguage":"fr-FR","@id":"https:\/\/rsisportsgroup.com\/fr\/#\/schema\/logo\/image\/","url":"https:\/\/rsisportsgroup.com\/wp-content\/uploads\/2023\/02\/rsi-sports-group-logo.png","contentUrl":"https:\/\/rsisportsgroup.com\/wp-content\/uploads\/2023\/02\/rsi-sports-group-logo.png","width":600,"height":178,"caption":"RSI Sports Group"},"image":{"@id":"https:\/\/rsisportsgroup.com\/fr\/#\/schema\/logo\/image\/"},"sameAs":["https:\/\/www.facebook.com\/RecreationalSystemsInternational","https:\/\/www.linkedin.com\/company\/recreationalsystemsinternational\/","https:\/\/www.instagram.com\/recreationalsystems_int\/"]}]}},"_links":{"self":[{"href":"https:\/\/rsisportsgroup.com\/fr\/wp-json\/wp\/v2\/pages\/1731","targetHints":{"allow":["GET"]}}],"collection":[{"href":"https:\/\/rsisportsgroup.com\/fr\/wp-json\/wp\/v2\/pages"}],"about":[{"href":"https:\/\/rsisportsgroup.com\/fr\/wp-json\/wp\/v2\/types\/page"}],"author":[{"embeddable":true,"href":"https:\/\/rsisportsgroup.com\/fr\/wp-json\/wp\/v2\/users\/2"}],"replies":[{"embeddable":true,"href":"https:\/\/rsisportsgroup.com\/fr\/wp-json\/wp\/v2\/comments?post=1731"}],"version-history":[{"count":0,"href":"https:\/\/rsisportsgroup.com\/fr\/wp-json\/wp\/v2\/pages\/1731\/revisions"}],"up":[{"embeddable":true,"href":"https:\/\/rsisportsgroup.com\/fr\/wp-json\/wp\/v2\/pages\/1749"}],"wp:attachment":[{"href":"https:\/\/rsisportsgroup.com\/fr\/wp-json\/wp\/v2\/media?parent=1731"}],"curies":[{"name":"wp","href":"https:\/\/api.w.org\/{rel}","templated":true}]}}