{"id":1781,"date":"2022-11-25T12:02:13","date_gmt":"2022-11-25T12:02:13","guid":{"rendered":"https:\/\/rsisportsgroup.com\/privacy-policy\/"},"modified":"2023-05-23T23:47:00","modified_gmt":"2023-05-23T23:47:00","slug":"privacy-policy","status":"publish","type":"page","link":"https:\/\/rsisportsgroup.com\/es\/privacy-policy\/","title":{"rendered":"Pol\u00edtica de privacidad"},"content":{"rendered":"\t\t<div data-elementor-type=\"wp-page\" data-elementor-id=\"1781\" class=\"elementor elementor-1781 elementor-3\" data-elementor-post-type=\"page\">\n\t\t\t\t\t\t<section class=\"elementor-section elementor-top-section elementor-element elementor-element-794ad95 elementor-section-boxed elementor-section-height-default elementor-section-height-default\" data-id=\"794ad95\" data-element_type=\"section\" data-e-type=\"section\">\n\t\t\t\t\t\t<div class=\"elementor-container elementor-column-gap-default\">\n\t\t\t\t\t<div class=\"elementor-column elementor-col-100 elementor-top-column elementor-element elementor-element-5f351b2\" data-id=\"5f351b2\" data-element_type=\"column\" data-e-type=\"column\">\n\t\t\t<div class=\"elementor-widget-wrap elementor-element-populated\">\n\t\t\t\t\t\t<div class=\"elementor-element elementor-element-dd29000 elementor-widget elementor-widget-heading\" data-id=\"dd29000\" data-element_type=\"widget\" data-e-type=\"widget\" data-widget_type=\"heading.default\">\n\t\t\t\t<div class=\"elementor-widget-container\">\n\t\t\t\t\t<h2 class=\"elementor-heading-title elementor-size-default\">Informaci\u00f3n jur\u00eddica<\/h2>\t\t\t\t<\/div>\n\t\t\t\t<\/div>\n\t\t\t\t<div class=\"elementor-element elementor-element-a9d12fe elementor-widget elementor-widget-text-editor\" data-id=\"a9d12fe\" data-element_type=\"widget\" data-e-type=\"widget\" data-widget_type=\"text-editor.default\">\n\t\t\t\t<div class=\"elementor-widget-container\">\n\t\t\t\t\t\t\t\t\t<p>RSI SPORTS concede gran importancia a la protecci\u00f3n de sus datos personales y al respeto de su intimidad. En esta declaraci\u00f3n de privacidad queremos ser claros y transparentes sobre qu\u00e9 datos personales suyos recopilamos y utilizamos. Para mantener su privacidad en todo momento, tratamos sus datos con gran responsabilidad.<\/p>\n<p>En todo momento puede estar seguro de que RSI SPORTS sigue las leyes y reglamentos aplicables, incluido el reglamento general de protecci\u00f3n de datos (GDPR).<\/p>\n<p>Esto implica:<\/p>\n<ul>\n<li>Tratar sus datos personales de acuerdo con el objetivo para el que se recogen los datos personales. Estos objetivos y tipos de datos personales se describen en la presente pol\u00edtica de privacidad.<\/li>\n<li>Que el tratamiento de sus datos personales se reduzca al m\u00ednimo necesario para los objetivos espec\u00edficos.<\/li>\n<li>Pedirle permiso en caso de que necesitemos procesar y utilizar sus datos personales.<\/li>\n<li>Adoptar medidas t\u00e9cnicas y organizativas para garantizarle la seguridad de sus datos personales.<\/li>\n<li>No ceder datos personales a terceros, salvo que sea necesario para la consecuci\u00f3n de objetivos concretos.<\/li>\n<li>Informarle y respetar sus derechos de protecci\u00f3n de datos personales.<\/li>\n<\/ul>\n\t\t\t\t\t\t\t\t<\/div>\n\t\t\t\t<\/div>\n\t\t\t\t<div class=\"elementor-element elementor-element-c336fea elementor-widget elementor-widget-text-editor\" data-id=\"c336fea\" data-element_type=\"widget\" data-e-type=\"widget\" data-widget_type=\"text-editor.default\">\n\t\t\t\t<div class=\"elementor-widget-container\">\n\t\t\t\t\t\t\t\t\t<p><span style=\"color: var( --e-global-color-text ); font-family: var( --e-global-typography-text-font-family ), Sans-serif; font-size: var( --e-global-typography-text-font-size ); font-style: var( --e-global-typography-text-font-style ); font-weight: var( --e-global-typography-text-font-weight ); text-transform: var( --e-global-typography-text-text-transform );\">Como empresa, somos responsables del tratamiento de sus datos personales. Si despu\u00e9s de leer nuestra pol\u00edtica de privacidad, o en general, sigue teniendo preguntas o desea ponerse en contacto con nosotros, utilice la informaci\u00f3n de contacto que figura a continuaci\u00f3n.<\/span><\/p>\n<p>Oficina de NL<br \/>Zeelbergseweg 35<br \/>5555 LD Valkenswaard<br \/>PA\u00cdSES BAJOS<\/p>\n<p>Oficina BE<br \/>Industriepark West 43<br \/>9100 St. Niklaas<br \/>B\u00c9LGICA<\/p>\n<p>RSI SPORTS utilizar\u00e1 sus datos personales en favor de los siguientes objetivos y fundamentos jur\u00eddicos:<\/p>\n<ul>\n<li>Poder participar en las actividades de RSI SPORTS.<\/li>\n<li>Para acceder al perfil de su usuario.<\/li>\n<li>Fines comerciales.<\/li>\n<li>La protecci\u00f3n y detecci\u00f3n de faltas, fraudes y\/o comportamientos delictivos.<\/li>\n<li>Ofrecer y mejorar los productos y servicios generales\/personalizados prestados, como fines de facturaci\u00f3n, ofertas de informaci\u00f3n, env\u00edo de ofertas \u00fatiles\/requeridas, provisi\u00f3n\/tratamiento de opiniones de usuarios y prestaci\u00f3n de asistencia.<\/li>\n<\/ul>\n\t\t\t\t\t\t\t\t<\/div>\n\t\t\t\t<\/div>\n\t\t\t\t<div class=\"elementor-element elementor-element-3eb2cc2 elementor-widget elementor-widget-text-editor\" data-id=\"3eb2cc2\" data-element_type=\"widget\" data-e-type=\"widget\" data-widget_type=\"text-editor.default\">\n\t\t\t\t<div class=\"elementor-widget-container\">\n\t\t\t\t\t\t\t\t\t<p><span style=\"color: var( --e-global-color-text ); font-family: var( --e-global-typography-text-font-family ), Sans-serif; font-size: var( --e-global-typography-text-font-size ); font-style: var( --e-global-typography-text-font-style ); font-weight: var( --e-global-typography-text-font-weight ); text-transform: var( --e-global-typography-text-text-transform );\">Para los objetivos mencionados, podemos solicitar, conservar y utilizar los siguientes datos personales:<\/span><\/p>\n<ul>\n<li>Datos de identificaci\u00f3n<\/li>\n<li>Actividades de ocio e intereses<\/li>\n<li>H\u00e1bitos de consumo<\/li>\n<li>direcci\u00f3n + especificaciones de la vivienda<\/li>\n<li>Informaci\u00f3n sobre la profesi\u00f3n<\/li>\n<li>N\u00famero de registro nacional<\/li>\n<\/ul>\n\t\t\t\t\t\t\t\t<\/div>\n\t\t\t\t<\/div>\n\t\t\t\t<div class=\"elementor-element elementor-element-d4728e4 elementor-widget elementor-widget-text-editor\" data-id=\"d4728e4\" data-element_type=\"widget\" data-e-type=\"widget\" data-widget_type=\"text-editor.default\">\n\t\t\t\t<div class=\"elementor-widget-container\">\n\t\t\t\t\t\t\t\t\t<p><span style=\"color: var( --e-global-color-text ); font-family: var( --e-global-typography-text-font-family ), Sans-serif; font-size: var( --e-global-typography-text-font-size ); font-style: var( --e-global-typography-text-font-style ); font-weight: var( --e-global-typography-text-font-weight ); text-transform: var( --e-global-typography-text-text-transform );\">Los datos recogidos s\u00f3lo se utilizar\u00e1n para los objetivos para los que se adquieren los datos personales.<\/span><\/p>\n<p>Divulgaci\u00f3n a terceros Si es necesario, podemos facilitar datos personales a terceros para la realizaci\u00f3n de los objetivos mencionados. Recurrimos a terceros:<\/p>\n<ul>\n<li>Proporcionar un entorno de Internet (alojamiento web)<\/li>\n<li>Proporcionar una infraestructura inform\u00e1tica (es decir, una red inform\u00e1tica)<\/li>\n<li>Proporcionar (y distribuir) boletines informativos e invitaciones.<\/li>\n<\/ul>\n\t\t\t\t\t\t\t\t<\/div>\n\t\t\t\t<\/div>\n\t\t\t\t<div class=\"elementor-element elementor-element-351f776 elementor-widget elementor-widget-text-editor\" data-id=\"351f776\" data-element_type=\"widget\" data-e-type=\"widget\" data-widget_type=\"text-editor.default\">\n\t\t\t\t<div class=\"elementor-widget-container\">\n\t\t\t\t\t\t\t\t\t<p><span style=\"color: var( --e-global-color-text ); font-family: var( --e-global-typography-text-font-family ), Sans-serif; font-size: var( --e-global-typography-text-font-size ); font-style: var( --e-global-typography-text-font-style ); font-weight: var( --e-global-typography-text-font-weight ); text-transform: var( --e-global-typography-text-text-transform );\">Nunca facilitamos datos personales a terceros si no tenemos un contrato de tratamiento. Sus datos personales no se compartir\u00e1n con terceros, a menos que est\u00e9 legalmente obligado y autorizado. Los datos personales pueden compartirse con terceros si usted lo autoriza. En todo momento tiene derecho a revocar este permiso.<\/span><\/p>\n<p>Utilizamos cookies<\/p>\n<p>Al visitar nuestro sitio web, las cookies pueden almacenarse en su disco duro para optimizar la experiencia del usuario y los aspectos t\u00e9cnicos del sitio web en funci\u00f3n de las necesidades de los visitantes recurrentes. Para m\u00e1s informaci\u00f3n consulte su pol\u00edtica de cookies.<\/p>\n<p>Periodo de conservaci\u00f3n<\/p>\n<p>RSI SPORTS no almacena datos personales m\u00e1s tiempo del necesario. RSI SPORTS no almacena datos personales m\u00e1s de cinco a\u00f1os despu\u00e9s del \u00faltimo uso.<\/p>\n<p>Seguridad de los datos<\/p>\n<p>Adoptamos medidas t\u00e9cnicas y organizativas para proteger sus datos personales contra el tratamiento ilegal, ejemplos de medidas son:<\/p>\n<ul>\n<li>Utilizamos una pol\u00edtica de nombre de usuario y contrase\u00f1a para todos nuestros sistemas.<\/li>\n<li>Hacemos copias de seguridad de los datos personales para poder restaurarlos en caso de incidentes f\u00edsicos o t\u00e9cnicos.<\/li>\n<li>Probamos y evaluamos nuestras medidas peri\u00f3dicamente.<\/li>\n<li>Nuestros empleados est\u00e1n informados de la importancia de la protecci\u00f3n de sus datos personales.<\/li>\n<\/ul>\n\t\t\t\t\t\t\t\t<\/div>\n\t\t\t\t<\/div>\n\t\t\t\t<div class=\"elementor-element elementor-element-acc145f elementor-widget elementor-widget-text-editor\" data-id=\"acc145f\" data-element_type=\"widget\" data-e-type=\"widget\" data-widget_type=\"text-editor.default\">\n\t\t\t\t<div class=\"elementor-widget-container\">\n\t\t\t\t\t\t\t\t\t<p><span style=\"color: var( --e-global-color-text ); font-family: var( --e-global-typography-text-font-family ), Sans-serif; font-size: var( --e-global-typography-text-font-size ); font-style: var( --e-global-typography-text-font-style ); font-weight: var( --e-global-typography-text-font-weight ); text-transform: var( --e-global-typography-text-text-transform );\">Sus derechos sobre los datos<\/span><\/p>\n<p>En todo momento, tiene derecho a acceder a sus datos personales y a rectificarlos o eliminarlos. En la parte superior de esta declaraci\u00f3n de privacidad se indica c\u00f3mo ponerse en contacto con nosotros. (Siempre puede ponerse en contacto con nosotros a trav\u00e9s de la p\u00e1gina de contacto de nuestro sitio web). Siempre puede oponerse al tratamiento de sus datos personales (o de partes espec\u00edficas de sus datos personales) poni\u00e9ndose en contacto con uno de nuestros empleados. Tambi\u00e9n tiene derecho a pedirnos que le entreguemos sus datos personales a usted o a terceros. Siempre podemos pedirle que se legitime antes de autorizar dichas solicitudes.<\/p>\n<p>Quejas<\/p>\n<p>Si tiene alguna queja sobre el tratamiento de datos personales, le rogamos que se ponga en contacto con nosotros inmediatamente. Siempre tiene derecho a presentar una queja ante la Comisi\u00f3n de Privacidad, que es una autoridad supervisora en materia de protecci\u00f3n de datos personales.<\/p>\n<p>Cambios en la declaraci\u00f3n de confidencialidad<\/p>\n<p>RSI SPORTS puede cambiar su declaraci\u00f3n de privacidad en todo momento. Los cambios se anunciar\u00e1n en nuestro sitio web. El \u00faltimo cambio en la pol\u00edtica de privacidad se realiz\u00f3 el 16 de febrero de 2019.<\/p>\n\t\t\t\t\t\t\t\t<\/div>\n\t\t\t\t<\/div>\n\t\t\t\t\t<\/div>\n\t\t<\/div>\n\t\t\t\t\t<\/div>\n\t\t<\/section>\n\t\t\t\t<\/div>\n\t\t","protected":false},"excerpt":{"rendered":"<p>Informaci\u00f3n jur\u00eddica RSI SPORTS concede gran importancia a la protecci\u00f3n de sus datos personales y al respeto de su intimidad. En esta declaraci\u00f3n de privacidad queremos ser claros y transparentes sobre qu\u00e9 datos personales suyos recopilamos y utilizamos. Para mantener su privacidad en todo momento, tratamos sus datos con gran responsabilidad. En todo momento puede [&hellip;]<\/p>\n","protected":false},"author":2,"featured_media":0,"parent":0,"menu_order":0,"comment_status":"closed","ping_status":"open","template":"","meta":{"footnotes":""},"class_list":["post-1781","page","type-page","status-publish","hentry"],"yoast_head":"<!-- This site is optimized with the Yoast SEO plugin v27.4 - https:\/\/yoast.com\/product\/yoast-seo-wordpress\/ -->\n<title>Pol\u00edtica de privacidad - RSI Sports Group<\/title>\n<meta name=\"robots\" content=\"index, follow, max-snippet:-1, max-image-preview:large, max-video-preview:-1\" \/>\n<link rel=\"canonical\" href=\"https:\/\/rsisportsgroup.com\/es\/privacy-policy\/\" \/>\n<meta property=\"og:locale\" content=\"es_ES\" \/>\n<meta property=\"og:type\" content=\"article\" \/>\n<meta property=\"og:title\" content=\"Pol\u00edtica de privacidad - RSI Sports Group\" \/>\n<meta property=\"og:description\" content=\"Informaci\u00f3n jur\u00eddica RSI SPORTS concede gran importancia a la protecci\u00f3n de sus datos personales y al respeto de su intimidad. En esta declaraci\u00f3n de privacidad queremos ser claros y transparentes sobre qu\u00e9 datos personales suyos recopilamos y utilizamos. Para mantener su privacidad en todo momento, tratamos sus datos con gran responsabilidad. En todo momento puede [&hellip;]\" \/>\n<meta property=\"og:url\" content=\"https:\/\/rsisportsgroup.com\/es\/privacy-policy\/\" \/>\n<meta property=\"og:site_name\" content=\"RSI Sports Group\" \/>\n<meta property=\"article:publisher\" content=\"https:\/\/www.facebook.com\/RecreationalSystemsInternational\" \/>\n<meta property=\"article:modified_time\" content=\"2023-05-23T23:47:00+00:00\" \/>\n<meta property=\"og:image\" content=\"https:\/\/rsisportsgroup.com\/wp-content\/uploads\/2023\/02\/rsi-sports-group-logo.png\" \/>\n\t<meta property=\"og:image:width\" content=\"600\" \/>\n\t<meta property=\"og:image:height\" content=\"178\" \/>\n\t<meta property=\"og:image:type\" content=\"image\/png\" \/>\n<meta name=\"twitter:card\" content=\"summary_large_image\" \/>\n<meta name=\"twitter:label1\" content=\"Tiempo de lectura\" \/>\n\t<meta name=\"twitter:data1\" content=\"4 minutos\" \/>\n<script type=\"application\/ld+json\" class=\"yoast-schema-graph\">{\"@context\":\"https:\\\/\\\/schema.org\",\"@graph\":[{\"@type\":\"WebPage\",\"@id\":\"https:\\\/\\\/rsisportsgroup.com\\\/es\\\/privacy-policy\\\/\",\"url\":\"https:\\\/\\\/rsisportsgroup.com\\\/es\\\/privacy-policy\\\/\",\"name\":\"Pol\u00edtica de privacidad - RSI Sports Group\",\"isPartOf\":{\"@id\":\"https:\\\/\\\/rsisportsgroup.com\\\/es\\\/#website\"},\"datePublished\":\"2022-11-25T12:02:13+00:00\",\"dateModified\":\"2023-05-23T23:47:00+00:00\",\"breadcrumb\":{\"@id\":\"https:\\\/\\\/rsisportsgroup.com\\\/es\\\/privacy-policy\\\/#breadcrumb\"},\"inLanguage\":\"es\",\"potentialAction\":[{\"@type\":\"ReadAction\",\"target\":[\"https:\\\/\\\/rsisportsgroup.com\\\/es\\\/privacy-policy\\\/\"]}]},{\"@type\":\"BreadcrumbList\",\"@id\":\"https:\\\/\\\/rsisportsgroup.com\\\/es\\\/privacy-policy\\\/#breadcrumb\",\"itemListElement\":[{\"@type\":\"ListItem\",\"position\":1,\"name\":\"Home\",\"item\":\"https:\\\/\\\/rsisportsgroup.com\\\/es\\\/\"},{\"@type\":\"ListItem\",\"position\":2,\"name\":\"Pol\u00edtica de privacidad\"}]},{\"@type\":\"WebSite\",\"@id\":\"https:\\\/\\\/rsisportsgroup.com\\\/es\\\/#website\",\"url\":\"https:\\\/\\\/rsisportsgroup.com\\\/es\\\/\",\"name\":\"RSI Sports Group\",\"description\":\"\",\"publisher\":{\"@id\":\"https:\\\/\\\/rsisportsgroup.com\\\/es\\\/#organization\"},\"potentialAction\":[{\"@type\":\"SearchAction\",\"target\":{\"@type\":\"EntryPoint\",\"urlTemplate\":\"https:\\\/\\\/rsisportsgroup.com\\\/es\\\/?s={search_term_string}\"},\"query-input\":{\"@type\":\"PropertyValueSpecification\",\"valueRequired\":true,\"valueName\":\"search_term_string\"}}],\"inLanguage\":\"es\"},{\"@type\":\"Organization\",\"@id\":\"https:\\\/\\\/rsisportsgroup.com\\\/es\\\/#organization\",\"name\":\"RSI Sports Group\",\"url\":\"https:\\\/\\\/rsisportsgroup.com\\\/es\\\/\",\"logo\":{\"@type\":\"ImageObject\",\"inLanguage\":\"es\",\"@id\":\"https:\\\/\\\/rsisportsgroup.com\\\/es\\\/#\\\/schema\\\/logo\\\/image\\\/\",\"url\":\"https:\\\/\\\/rsisportsgroup.com\\\/wp-content\\\/uploads\\\/2023\\\/02\\\/rsi-sports-group-logo.png\",\"contentUrl\":\"https:\\\/\\\/rsisportsgroup.com\\\/wp-content\\\/uploads\\\/2023\\\/02\\\/rsi-sports-group-logo.png\",\"width\":600,\"height\":178,\"caption\":\"RSI Sports Group\"},\"image\":{\"@id\":\"https:\\\/\\\/rsisportsgroup.com\\\/es\\\/#\\\/schema\\\/logo\\\/image\\\/\"},\"sameAs\":[\"https:\\\/\\\/www.facebook.com\\\/RecreationalSystemsInternational\",\"https:\\\/\\\/www.linkedin.com\\\/company\\\/recreationalsystemsinternational\\\/\",\"https:\\\/\\\/www.instagram.com\\\/recreationalsystems_int\\\/\"]}]}<\/script>\n<!-- \/ Yoast SEO plugin. -->","yoast_head_json":{"title":"Pol\u00edtica de privacidad - RSI Sports Group","robots":{"index":"index","follow":"follow","max-snippet":"max-snippet:-1","max-image-preview":"max-image-preview:large","max-video-preview":"max-video-preview:-1"},"canonical":"https:\/\/rsisportsgroup.com\/es\/privacy-policy\/","og_locale":"es_ES","og_type":"article","og_title":"Pol\u00edtica de privacidad - RSI Sports Group","og_description":"Informaci\u00f3n jur\u00eddica RSI SPORTS concede gran importancia a la protecci\u00f3n de sus datos personales y al respeto de su intimidad. En esta declaraci\u00f3n de privacidad queremos ser claros y transparentes sobre qu\u00e9 datos personales suyos recopilamos y utilizamos. Para mantener su privacidad en todo momento, tratamos sus datos con gran responsabilidad. En todo momento puede [&hellip;]","og_url":"https:\/\/rsisportsgroup.com\/es\/privacy-policy\/","og_site_name":"RSI Sports Group","article_publisher":"https:\/\/www.facebook.com\/RecreationalSystemsInternational","article_modified_time":"2023-05-23T23:47:00+00:00","og_image":[{"width":600,"height":178,"url":"https:\/\/rsisportsgroup.com\/wp-content\/uploads\/2023\/02\/rsi-sports-group-logo.png","type":"image\/png"}],"twitter_card":"summary_large_image","twitter_misc":{"Tiempo de lectura":"4 minutos"},"schema":{"@context":"https:\/\/schema.org","@graph":[{"@type":"WebPage","@id":"https:\/\/rsisportsgroup.com\/es\/privacy-policy\/","url":"https:\/\/rsisportsgroup.com\/es\/privacy-policy\/","name":"Pol\u00edtica de privacidad - RSI Sports Group","isPartOf":{"@id":"https:\/\/rsisportsgroup.com\/es\/#website"},"datePublished":"2022-11-25T12:02:13+00:00","dateModified":"2023-05-23T23:47:00+00:00","breadcrumb":{"@id":"https:\/\/rsisportsgroup.com\/es\/privacy-policy\/#breadcrumb"},"inLanguage":"es","potentialAction":[{"@type":"ReadAction","target":["https:\/\/rsisportsgroup.com\/es\/privacy-policy\/"]}]},{"@type":"BreadcrumbList","@id":"https:\/\/rsisportsgroup.com\/es\/privacy-policy\/#breadcrumb","itemListElement":[{"@type":"ListItem","position":1,"name":"Home","item":"https:\/\/rsisportsgroup.com\/es\/"},{"@type":"ListItem","position":2,"name":"Pol\u00edtica de privacidad"}]},{"@type":"WebSite","@id":"https:\/\/rsisportsgroup.com\/es\/#website","url":"https:\/\/rsisportsgroup.com\/es\/","name":"RSI Sports Group","description":"","publisher":{"@id":"https:\/\/rsisportsgroup.com\/es\/#organization"},"potentialAction":[{"@type":"SearchAction","target":{"@type":"EntryPoint","urlTemplate":"https:\/\/rsisportsgroup.com\/es\/?s={search_term_string}"},"query-input":{"@type":"PropertyValueSpecification","valueRequired":true,"valueName":"search_term_string"}}],"inLanguage":"es"},{"@type":"Organization","@id":"https:\/\/rsisportsgroup.com\/es\/#organization","name":"RSI Sports Group","url":"https:\/\/rsisportsgroup.com\/es\/","logo":{"@type":"ImageObject","inLanguage":"es","@id":"https:\/\/rsisportsgroup.com\/es\/#\/schema\/logo\/image\/","url":"https:\/\/rsisportsgroup.com\/wp-content\/uploads\/2023\/02\/rsi-sports-group-logo.png","contentUrl":"https:\/\/rsisportsgroup.com\/wp-content\/uploads\/2023\/02\/rsi-sports-group-logo.png","width":600,"height":178,"caption":"RSI Sports Group"},"image":{"@id":"https:\/\/rsisportsgroup.com\/es\/#\/schema\/logo\/image\/"},"sameAs":["https:\/\/www.facebook.com\/RecreationalSystemsInternational","https:\/\/www.linkedin.com\/company\/recreationalsystemsinternational\/","https:\/\/www.instagram.com\/recreationalsystems_int\/"]}]}},"_links":{"self":[{"href":"https:\/\/rsisportsgroup.com\/es\/wp-json\/wp\/v2\/pages\/1781","targetHints":{"allow":["GET"]}}],"collection":[{"href":"https:\/\/rsisportsgroup.com\/es\/wp-json\/wp\/v2\/pages"}],"about":[{"href":"https:\/\/rsisportsgroup.com\/es\/wp-json\/wp\/v2\/types\/page"}],"author":[{"embeddable":true,"href":"https:\/\/rsisportsgroup.com\/es\/wp-json\/wp\/v2\/users\/2"}],"replies":[{"embeddable":true,"href":"https:\/\/rsisportsgroup.com\/es\/wp-json\/wp\/v2\/comments?post=1781"}],"version-history":[{"count":0,"href":"https:\/\/rsisportsgroup.com\/es\/wp-json\/wp\/v2\/pages\/1781\/revisions"}],"wp:attachment":[{"href":"https:\/\/rsisportsgroup.com\/es\/wp-json\/wp\/v2\/media?parent=1781"}],"curies":[{"name":"wp","href":"https:\/\/api.w.org\/{rel}","templated":true}]}}