{"id":1780,"date":"2022-11-25T12:02:13","date_gmt":"2022-11-25T12:02:13","guid":{"rendered":"https:\/\/rsisportsgroup.com\/privacy-policy\/"},"modified":"2023-05-23T23:36:14","modified_gmt":"2023-05-23T23:36:14","slug":"privacy-policy","status":"publish","type":"page","link":"https:\/\/rsisportsgroup.com\/de\/privacy-policy\/","title":{"rendered":"Datenschutzbestimmungen"},"content":{"rendered":"\t\t<div data-elementor-type=\"wp-page\" data-elementor-id=\"1780\" class=\"elementor elementor-1780 elementor-3\" data-elementor-post-type=\"page\">\n\t\t\t\t\t\t<section class=\"elementor-section elementor-top-section elementor-element elementor-element-794ad95 elementor-section-boxed elementor-section-height-default elementor-section-height-default\" data-id=\"794ad95\" data-element_type=\"section\" data-e-type=\"section\">\n\t\t\t\t\t\t<div class=\"elementor-container elementor-column-gap-default\">\n\t\t\t\t\t<div class=\"elementor-column elementor-col-100 elementor-top-column elementor-element elementor-element-5f351b2\" data-id=\"5f351b2\" data-element_type=\"column\" data-e-type=\"column\">\n\t\t\t<div class=\"elementor-widget-wrap elementor-element-populated\">\n\t\t\t\t\t\t<div class=\"elementor-element elementor-element-dd29000 elementor-widget elementor-widget-heading\" data-id=\"dd29000\" data-element_type=\"widget\" data-e-type=\"widget\" data-widget_type=\"heading.default\">\n\t\t\t\t<div class=\"elementor-widget-container\">\n\t\t\t\t\t<h2 class=\"elementor-heading-title elementor-size-default\">Rechtliche Informationen<\/h2>\t\t\t\t<\/div>\n\t\t\t\t<\/div>\n\t\t\t\t<div class=\"elementor-element elementor-element-a9d12fe elementor-widget elementor-widget-text-editor\" data-id=\"a9d12fe\" data-element_type=\"widget\" data-e-type=\"widget\" data-widget_type=\"text-editor.default\">\n\t\t\t\t<div class=\"elementor-widget-container\">\n\t\t\t\t\t\t\t\t\t<p>RSI SPORTS misst dem Schutz Ihrer pers\u00f6nlichen Daten und der Wahrung Ihrer Privatsph\u00e4re gro\u00dfe Bedeutung bei. In dieser Datenschutzerkl\u00e4rung m\u00f6chten wir klar und transparent darlegen, welche Ihrer pers\u00f6nlichen Daten wir sammeln und verwenden. Um Ihre Privatsph\u00e4re jederzeit zu wahren, gehen wir mit Ihren Daten sehr verantwortungsvoll um.<\/p>\n<p>Sie k\u00f6nnen jederzeit sicher sein, dass RSI SPORTS die geltenden Gesetze und Vorschriften einh\u00e4lt, einschlie\u00dflich der allgemeinen Datenschutzverordnung (GDPR).<\/p>\n<p>Dies impliziert:<\/p>\n<ul>\n<li>Verarbeitung Ihrer personenbezogenen Daten in \u00dcbereinstimmung mit dem Ziel, f\u00fcr das die personenbezogenen Daten erhoben werden. Diese Ziele und Arten von personenbezogenen Daten werden in dieser Datenschutzerkl\u00e4rung beschrieben.<\/li>\n<li>dass die Verarbeitung Ihrer personenbezogenen Daten auf das f\u00fcr die spezifischen Ziele erforderliche Mindestma\u00df an Daten beschr\u00e4nkt wird.<\/li>\n<li>Wir bitten Sie um Ihr Einverst\u00e4ndnis, wenn wir Ihre personenbezogenen Daten verarbeiten und nutzen m\u00fcssen.<\/li>\n<li>Ergreifung technischer und organisatorischer Ma\u00dfnahmen, um die Sicherheit Ihrer personenbezogenen Daten zu gew\u00e4hrleisten.<\/li>\n<li>Keine Weitergabe von personenbezogenen Daten an Dritte, es sei denn, dies ist f\u00fcr die Umsetzung bestimmter Ziele erforderlich.<\/li>\n<li>Sie zu informieren und Ihre Rechte auf den Schutz personenbezogener Daten zu respektieren.<\/li>\n<\/ul>\n\t\t\t\t\t\t\t\t<\/div>\n\t\t\t\t<\/div>\n\t\t\t\t<div class=\"elementor-element elementor-element-c336fea elementor-widget elementor-widget-text-editor\" data-id=\"c336fea\" data-element_type=\"widget\" data-e-type=\"widget\" data-widget_type=\"text-editor.default\">\n\t\t\t\t<div class=\"elementor-widget-container\">\n\t\t\t\t\t\t\t\t\t<p><span style=\"color: var( --e-global-color-text ); font-family: var( --e-global-typography-text-font-family ), Sans-serif; font-size: var( --e-global-typography-text-font-size ); font-style: var( --e-global-typography-text-font-style ); font-weight: var( --e-global-typography-text-font-weight ); text-transform: var( --e-global-typography-text-text-transform );\">Als Unternehmen sind wir f\u00fcr die Verarbeitung Ihrer personenbezogenen Daten verantwortlich. Wenn Sie nach der Lekt\u00fcre unserer Datenschutzerkl\u00e4rung oder generell noch Fragen haben oder sich mit uns in Verbindung setzen m\u00f6chten, verwenden Sie die nachstehenden Kontaktinformationen.<\/span><\/p>\n<p>NL-B\u00fcro<br \/>Zeelbergseweg 35<br \/>5555 LD Valkenswaard<br \/>DIE NIEDERLANDE<\/p>\n<p>BE-B\u00fcro<br \/>Industriepark West 43<br \/>9100 St. Niklaas<br \/>BELGIEN<\/p>\n<p>RSI SPORTS verwendet Ihre pers\u00f6nlichen Daten zugunsten der folgenden Ziele und Rechtsgrundlagen:<\/p>\n<ul>\n<li>An den Aktivit\u00e4ten von RSI SPORTS teilnehmen zu k\u00f6nnen.<\/li>\n<li>So greifen Sie auf das Profil Ihres Benutzers zu.<\/li>\n<li>Marketingzwecke.<\/li>\n<li>Schutz und Aufdeckung von Fehlern, Betrug und\/oder kriminellem Verhalten.<\/li>\n<li>Zum Anbieten und Verbessern der angebotenen Produkte und allgemeinen\/personalisierten Dienstleistungen, wie z. B. zu Abrechnungszwecken, Informationsangeboten, dem Versenden von n\u00fctzlichen\/erforderlichen Angeboten, der Bereitstellung\/Bearbeitung von Nutzerbewertungen und der Bereitstellung von Support.<\/li>\n<\/ul>\n\t\t\t\t\t\t\t\t<\/div>\n\t\t\t\t<\/div>\n\t\t\t\t<div class=\"elementor-element elementor-element-3eb2cc2 elementor-widget elementor-widget-text-editor\" data-id=\"3eb2cc2\" data-element_type=\"widget\" data-e-type=\"widget\" data-widget_type=\"text-editor.default\">\n\t\t\t\t<div class=\"elementor-widget-container\">\n\t\t\t\t\t\t\t\t\t<p><span style=\"color: var( --e-global-color-text ); font-family: var( --e-global-typography-text-font-family ), Sans-serif; font-size: var( --e-global-typography-text-font-size ); font-style: var( --e-global-typography-text-font-style ); font-weight: var( --e-global-typography-text-font-weight ); text-transform: var( --e-global-typography-text-text-transform );\">F\u00fcr die oben genannten Zwecke k\u00f6nnen wir folgende personenbezogene Daten erheben, speichern und verwenden:<\/span><\/p>\n<ul>\n<li>Daten zur Identifizierung<\/li>\n<li>Freizeitaktivit\u00e4ten und Interessen<\/li>\n<li>Verbrauchsgewohnheiten<\/li>\n<li>Adresse + Angaben zur Wohnung<\/li>\n<li>Informationen zum Beruf<\/li>\n<li>Nationale Registernummer<\/li>\n<\/ul>\n\t\t\t\t\t\t\t\t<\/div>\n\t\t\t\t<\/div>\n\t\t\t\t<div class=\"elementor-element elementor-element-d4728e4 elementor-widget elementor-widget-text-editor\" data-id=\"d4728e4\" data-element_type=\"widget\" data-e-type=\"widget\" data-widget_type=\"text-editor.default\">\n\t\t\t\t<div class=\"elementor-widget-container\">\n\t\t\t\t\t\t\t\t\t<p><span style=\"color: var( --e-global-color-text ); font-family: var( --e-global-typography-text-font-family ), Sans-serif; font-size: var( --e-global-typography-text-font-size ); font-style: var( --e-global-typography-text-font-style ); font-weight: var( --e-global-typography-text-font-weight ); text-transform: var( --e-global-typography-text-text-transform );\">Die gesammelten Daten werden nur f\u00fcr die Zwecke verwendet, f\u00fcr die sie erhoben wurden.<\/span><\/p>\n<p>Weitergabe an Dritte Wenn es erforderlich ist, k\u00f6nnen wir personenbezogene Daten an Dritte weitergeben, um die oben genannten Ziele zu erreichen. Wir nutzen Dritte:<\/p>\n<ul>\n<li>Bereitstellung einer Internetumgebung (Webhosting)<\/li>\n<li>Bereitstellung einer IT-Infrastruktur (d.h. eines IT-Netzes)<\/li>\n<li>Erstellung (und Verteilung) von Newslettern und Einladungen.<\/li>\n<\/ul>\n\t\t\t\t\t\t\t\t<\/div>\n\t\t\t\t<\/div>\n\t\t\t\t<div class=\"elementor-element elementor-element-351f776 elementor-widget elementor-widget-text-editor\" data-id=\"351f776\" data-element_type=\"widget\" data-e-type=\"widget\" data-widget_type=\"text-editor.default\">\n\t\t\t\t<div class=\"elementor-widget-container\">\n\t\t\t\t\t\t\t\t\t<p><span style=\"color: var( --e-global-color-text ); font-family: var( --e-global-typography-text-font-family ), Sans-serif; font-size: var( --e-global-typography-text-font-size ); font-style: var( --e-global-typography-text-font-style ); font-weight: var( --e-global-typography-text-font-weight ); text-transform: var( --e-global-typography-text-text-transform );\">Wir geben niemals personenbezogene Daten an andere Parteien weiter, wenn wir keinen Vertrag \u00fcber die Verarbeitung haben. Ihre pers\u00f6nlichen Daten werden nicht an Dritte weitergegeben, es sei denn, dies ist gesetzlich vorgeschrieben und erlaubt. Pers\u00f6nliche Daten k\u00f6nnen an Dritte weitergegeben werden, wenn Sie dies genehmigen. Sie haben jederzeit das Recht, diese Genehmigung zu widerrufen.<\/span><\/p>\n<p>Wir verwenden Cookies<\/p>\n<p>Beim Besuch unserer Website k\u00f6nnen Cookies auf Ihrer Festplatte gespeichert werden, um die Benutzerfreundlichkeit und die technischen Aspekte der Website f\u00fcr die Bed\u00fcrfnisse von wiederkehrenden Besuchern zu optimieren. Weitere Informationen finden Sie in Ihrer Cookie-Richtlinie.<\/p>\n<p>Aufbewahrungsfrist<\/p>\n<p>RSI SPORTS speichert personenbezogene Daten nicht l\u00e4nger als n\u00f6tig. RSI SPORTS speichert personenbezogene Daten nicht l\u00e4nger als f\u00fcnf Jahre nach der letzten Nutzung.<\/p>\n<p>Sicherheit der Daten<\/p>\n<p>Wir treffen technische und organisatorische Ma\u00dfnahmen, um Ihre personenbezogenen Daten vor unrechtm\u00e4\u00dfiger Verarbeitung zu sch\u00fctzen, z. B:<\/p>\n<ul>\n<li>Wir verwenden f\u00fcr alle unsere Systeme eine Benutzernamen- und Passwortpolitik.<\/li>\n<li>Wir erstellen Sicherungskopien von personenbezogenen Daten, um sie im Falle von physischen oder technischen Zwischenf\u00e4llen wiederherstellen zu k\u00f6nnen.<\/li>\n<li>Wir testen und bewerten unsere Ma\u00dfnahmen regelm\u00e4\u00dfig.<\/li>\n<li>Unsere Mitarbeiter sind \u00fcber die Bedeutung des Schutzes Ihrer pers\u00f6nlichen Daten informiert.<\/li>\n<\/ul>\n\t\t\t\t\t\t\t\t<\/div>\n\t\t\t\t<\/div>\n\t\t\t\t<div class=\"elementor-element elementor-element-acc145f elementor-widget elementor-widget-text-editor\" data-id=\"acc145f\" data-element_type=\"widget\" data-e-type=\"widget\" data-widget_type=\"text-editor.default\">\n\t\t\t\t<div class=\"elementor-widget-container\">\n\t\t\t\t\t\t\t\t\t<p><span style=\"color: var( --e-global-color-text ); font-family: var( --e-global-typography-text-font-family ), Sans-serif; font-size: var( --e-global-typography-text-font-size ); font-style: var( --e-global-typography-text-font-style ); font-weight: var( --e-global-typography-text-font-weight ); text-transform: var( --e-global-typography-text-text-transform );\">Ihre Datenrechte<\/span><\/p>\n<p>Sie haben jederzeit das Recht auf Zugang zu Ihren personenbezogenen Daten sowie das Recht auf Berichtigung oder L\u00f6schung dieser Daten. Oben in dieser Datenschutzerkl\u00e4rung ist angegeben, wie Sie uns kontaktieren k\u00f6nnen. (Sie k\u00f6nnen uns jederzeit \u00fcber die Kontaktseite auf unserer Website kontaktieren). Sie k\u00f6nnen der Verarbeitung Ihrer personenbezogenen Daten (oder bestimmter Teile Ihrer personenbezogenen Daten) jederzeit widersprechen, indem Sie sich an einen unserer Mitarbeiter wenden. Sie haben auch das Recht, von uns zu verlangen, dass wir Ihre pers\u00f6nlichen Daten an Sie oder andere Parteien weitergeben. Wir k\u00f6nnen Sie immer bitten, sich zu legitimieren, bevor wir solche Anfragen genehmigen.<\/p>\n<p>Beanstandungen<\/p>\n<p>Wenn Sie sich \u00fcber die Verarbeitung personenbezogener Daten beschweren m\u00f6chten, bitten wir Sie, sich unverz\u00fcglich an uns zu wenden. Sie haben immer das Recht, eine Beschwerde bei der Datenschutzkommission einzureichen, die eine Aufsichtsbeh\u00f6rde f\u00fcr den Schutz personenbezogener Daten ist.<\/p>\n<p>\u00c4nderungen der Datenschutzbestimmungen<\/p>\n<p>RSI SPORTS kann seine Datenschutzbestimmungen jederzeit \u00e4ndern. Die \u00c4nderungen werden auf unserer Website bekannt gegeben. Die letzte \u00c4nderung der Datenschutzrichtlinie wurde am 16. Februar 2019 vorgenommen.<\/p>\n\t\t\t\t\t\t\t\t<\/div>\n\t\t\t\t<\/div>\n\t\t\t\t\t<\/div>\n\t\t<\/div>\n\t\t\t\t\t<\/div>\n\t\t<\/section>\n\t\t\t\t<\/div>\n\t\t","protected":false},"excerpt":{"rendered":"<p>Rechtliche Informationen RSI SPORTS misst dem Schutz Ihrer pers\u00f6nlichen Daten und der Wahrung Ihrer Privatsph\u00e4re gro\u00dfe Bedeutung bei. In dieser Datenschutzerkl\u00e4rung m\u00f6chten wir klar und transparent darlegen, welche Ihrer pers\u00f6nlichen Daten wir sammeln und verwenden. Um Ihre Privatsph\u00e4re jederzeit zu wahren, gehen wir mit Ihren Daten sehr verantwortungsvoll um. Sie k\u00f6nnen jederzeit sicher sein, dass [&hellip;]<\/p>\n","protected":false},"author":2,"featured_media":0,"parent":0,"menu_order":0,"comment_status":"closed","ping_status":"open","template":"","meta":{"footnotes":""},"class_list":["post-1780","page","type-page","status-publish","hentry"],"yoast_head":"<!-- This site is optimized with the Yoast SEO plugin v27.3 - https:\/\/yoast.com\/product\/yoast-seo-wordpress\/ -->\n<title>Datenschutzbestimmungen - RSI Sports Group<\/title>\n<meta name=\"robots\" content=\"index, follow, max-snippet:-1, max-image-preview:large, max-video-preview:-1\" \/>\n<link rel=\"canonical\" href=\"https:\/\/rsisportsgroup.com\/de\/privacy-policy\/\" \/>\n<meta property=\"og:locale\" content=\"de_DE\" \/>\n<meta property=\"og:type\" content=\"article\" \/>\n<meta property=\"og:title\" content=\"Datenschutzbestimmungen - RSI Sports Group\" \/>\n<meta property=\"og:description\" content=\"Rechtliche Informationen RSI SPORTS misst dem Schutz Ihrer pers\u00f6nlichen Daten und der Wahrung Ihrer Privatsph\u00e4re gro\u00dfe Bedeutung bei. In dieser Datenschutzerkl\u00e4rung m\u00f6chten wir klar und transparent darlegen, welche Ihrer pers\u00f6nlichen Daten wir sammeln und verwenden. Um Ihre Privatsph\u00e4re jederzeit zu wahren, gehen wir mit Ihren Daten sehr verantwortungsvoll um. Sie k\u00f6nnen jederzeit sicher sein, dass [&hellip;]\" \/>\n<meta property=\"og:url\" content=\"https:\/\/rsisportsgroup.com\/de\/privacy-policy\/\" \/>\n<meta property=\"og:site_name\" content=\"RSI Sports Group\" \/>\n<meta property=\"article:publisher\" content=\"https:\/\/www.facebook.com\/RecreationalSystemsInternational\" \/>\n<meta property=\"article:modified_time\" content=\"2023-05-23T23:36:14+00:00\" \/>\n<meta property=\"og:image\" content=\"https:\/\/rsisportsgroup.com\/wp-content\/uploads\/2023\/02\/rsi-sports-group-logo.png\" \/>\n\t<meta property=\"og:image:width\" content=\"600\" \/>\n\t<meta property=\"og:image:height\" content=\"178\" \/>\n\t<meta property=\"og:image:type\" content=\"image\/png\" \/>\n<meta name=\"twitter:card\" content=\"summary_large_image\" \/>\n<meta name=\"twitter:label1\" content=\"Gesch\u00e4tzte Lesezeit\" \/>\n\t<meta name=\"twitter:data1\" content=\"4\u00a0Minuten\" \/>\n<script type=\"application\/ld+json\" class=\"yoast-schema-graph\">{\"@context\":\"https:\\\/\\\/schema.org\",\"@graph\":[{\"@type\":\"WebPage\",\"@id\":\"https:\\\/\\\/rsisportsgroup.com\\\/de\\\/privacy-policy\\\/\",\"url\":\"https:\\\/\\\/rsisportsgroup.com\\\/de\\\/privacy-policy\\\/\",\"name\":\"Datenschutzbestimmungen - RSI Sports Group\",\"isPartOf\":{\"@id\":\"https:\\\/\\\/rsisportsgroup.com\\\/de\\\/#website\"},\"datePublished\":\"2022-11-25T12:02:13+00:00\",\"dateModified\":\"2023-05-23T23:36:14+00:00\",\"breadcrumb\":{\"@id\":\"https:\\\/\\\/rsisportsgroup.com\\\/de\\\/privacy-policy\\\/#breadcrumb\"},\"inLanguage\":\"de\",\"potentialAction\":[{\"@type\":\"ReadAction\",\"target\":[\"https:\\\/\\\/rsisportsgroup.com\\\/de\\\/privacy-policy\\\/\"]}]},{\"@type\":\"BreadcrumbList\",\"@id\":\"https:\\\/\\\/rsisportsgroup.com\\\/de\\\/privacy-policy\\\/#breadcrumb\",\"itemListElement\":[{\"@type\":\"ListItem\",\"position\":1,\"name\":\"Home\",\"item\":\"https:\\\/\\\/rsisportsgroup.com\\\/de\\\/\"},{\"@type\":\"ListItem\",\"position\":2,\"name\":\"Datenschutzbestimmungen\"}]},{\"@type\":\"WebSite\",\"@id\":\"https:\\\/\\\/rsisportsgroup.com\\\/de\\\/#website\",\"url\":\"https:\\\/\\\/rsisportsgroup.com\\\/de\\\/\",\"name\":\"RSI Sports Group\",\"description\":\"\",\"publisher\":{\"@id\":\"https:\\\/\\\/rsisportsgroup.com\\\/de\\\/#organization\"},\"potentialAction\":[{\"@type\":\"SearchAction\",\"target\":{\"@type\":\"EntryPoint\",\"urlTemplate\":\"https:\\\/\\\/rsisportsgroup.com\\\/de\\\/?s={search_term_string}\"},\"query-input\":{\"@type\":\"PropertyValueSpecification\",\"valueRequired\":true,\"valueName\":\"search_term_string\"}}],\"inLanguage\":\"de\"},{\"@type\":\"Organization\",\"@id\":\"https:\\\/\\\/rsisportsgroup.com\\\/de\\\/#organization\",\"name\":\"RSI Sports Group\",\"url\":\"https:\\\/\\\/rsisportsgroup.com\\\/de\\\/\",\"logo\":{\"@type\":\"ImageObject\",\"inLanguage\":\"de\",\"@id\":\"https:\\\/\\\/rsisportsgroup.com\\\/de\\\/#\\\/schema\\\/logo\\\/image\\\/\",\"url\":\"https:\\\/\\\/rsisportsgroup.com\\\/wp-content\\\/uploads\\\/2023\\\/02\\\/rsi-sports-group-logo.png\",\"contentUrl\":\"https:\\\/\\\/rsisportsgroup.com\\\/wp-content\\\/uploads\\\/2023\\\/02\\\/rsi-sports-group-logo.png\",\"width\":600,\"height\":178,\"caption\":\"RSI Sports Group\"},\"image\":{\"@id\":\"https:\\\/\\\/rsisportsgroup.com\\\/de\\\/#\\\/schema\\\/logo\\\/image\\\/\"},\"sameAs\":[\"https:\\\/\\\/www.facebook.com\\\/RecreationalSystemsInternational\",\"https:\\\/\\\/www.linkedin.com\\\/company\\\/recreationalsystemsinternational\\\/\",\"https:\\\/\\\/www.instagram.com\\\/recreationalsystems_int\\\/\"]}]}<\/script>\n<!-- \/ Yoast SEO plugin. -->","yoast_head_json":{"title":"Datenschutzbestimmungen - RSI Sports Group","robots":{"index":"index","follow":"follow","max-snippet":"max-snippet:-1","max-image-preview":"max-image-preview:large","max-video-preview":"max-video-preview:-1"},"canonical":"https:\/\/rsisportsgroup.com\/de\/privacy-policy\/","og_locale":"de_DE","og_type":"article","og_title":"Datenschutzbestimmungen - RSI Sports Group","og_description":"Rechtliche Informationen RSI SPORTS misst dem Schutz Ihrer pers\u00f6nlichen Daten und der Wahrung Ihrer Privatsph\u00e4re gro\u00dfe Bedeutung bei. In dieser Datenschutzerkl\u00e4rung m\u00f6chten wir klar und transparent darlegen, welche Ihrer pers\u00f6nlichen Daten wir sammeln und verwenden. Um Ihre Privatsph\u00e4re jederzeit zu wahren, gehen wir mit Ihren Daten sehr verantwortungsvoll um. Sie k\u00f6nnen jederzeit sicher sein, dass [&hellip;]","og_url":"https:\/\/rsisportsgroup.com\/de\/privacy-policy\/","og_site_name":"RSI Sports Group","article_publisher":"https:\/\/www.facebook.com\/RecreationalSystemsInternational","article_modified_time":"2023-05-23T23:36:14+00:00","og_image":[{"width":600,"height":178,"url":"https:\/\/rsisportsgroup.com\/wp-content\/uploads\/2023\/02\/rsi-sports-group-logo.png","type":"image\/png"}],"twitter_card":"summary_large_image","twitter_misc":{"Gesch\u00e4tzte Lesezeit":"4\u00a0Minuten"},"schema":{"@context":"https:\/\/schema.org","@graph":[{"@type":"WebPage","@id":"https:\/\/rsisportsgroup.com\/de\/privacy-policy\/","url":"https:\/\/rsisportsgroup.com\/de\/privacy-policy\/","name":"Datenschutzbestimmungen - RSI Sports Group","isPartOf":{"@id":"https:\/\/rsisportsgroup.com\/de\/#website"},"datePublished":"2022-11-25T12:02:13+00:00","dateModified":"2023-05-23T23:36:14+00:00","breadcrumb":{"@id":"https:\/\/rsisportsgroup.com\/de\/privacy-policy\/#breadcrumb"},"inLanguage":"de","potentialAction":[{"@type":"ReadAction","target":["https:\/\/rsisportsgroup.com\/de\/privacy-policy\/"]}]},{"@type":"BreadcrumbList","@id":"https:\/\/rsisportsgroup.com\/de\/privacy-policy\/#breadcrumb","itemListElement":[{"@type":"ListItem","position":1,"name":"Home","item":"https:\/\/rsisportsgroup.com\/de\/"},{"@type":"ListItem","position":2,"name":"Datenschutzbestimmungen"}]},{"@type":"WebSite","@id":"https:\/\/rsisportsgroup.com\/de\/#website","url":"https:\/\/rsisportsgroup.com\/de\/","name":"RSI Sports Group","description":"","publisher":{"@id":"https:\/\/rsisportsgroup.com\/de\/#organization"},"potentialAction":[{"@type":"SearchAction","target":{"@type":"EntryPoint","urlTemplate":"https:\/\/rsisportsgroup.com\/de\/?s={search_term_string}"},"query-input":{"@type":"PropertyValueSpecification","valueRequired":true,"valueName":"search_term_string"}}],"inLanguage":"de"},{"@type":"Organization","@id":"https:\/\/rsisportsgroup.com\/de\/#organization","name":"RSI Sports Group","url":"https:\/\/rsisportsgroup.com\/de\/","logo":{"@type":"ImageObject","inLanguage":"de","@id":"https:\/\/rsisportsgroup.com\/de\/#\/schema\/logo\/image\/","url":"https:\/\/rsisportsgroup.com\/wp-content\/uploads\/2023\/02\/rsi-sports-group-logo.png","contentUrl":"https:\/\/rsisportsgroup.com\/wp-content\/uploads\/2023\/02\/rsi-sports-group-logo.png","width":600,"height":178,"caption":"RSI Sports Group"},"image":{"@id":"https:\/\/rsisportsgroup.com\/de\/#\/schema\/logo\/image\/"},"sameAs":["https:\/\/www.facebook.com\/RecreationalSystemsInternational","https:\/\/www.linkedin.com\/company\/recreationalsystemsinternational\/","https:\/\/www.instagram.com\/recreationalsystems_int\/"]}]}},"_links":{"self":[{"href":"https:\/\/rsisportsgroup.com\/de\/wp-json\/wp\/v2\/pages\/1780","targetHints":{"allow":["GET"]}}],"collection":[{"href":"https:\/\/rsisportsgroup.com\/de\/wp-json\/wp\/v2\/pages"}],"about":[{"href":"https:\/\/rsisportsgroup.com\/de\/wp-json\/wp\/v2\/types\/page"}],"author":[{"embeddable":true,"href":"https:\/\/rsisportsgroup.com\/de\/wp-json\/wp\/v2\/users\/2"}],"replies":[{"embeddable":true,"href":"https:\/\/rsisportsgroup.com\/de\/wp-json\/wp\/v2\/comments?post=1780"}],"version-history":[{"count":0,"href":"https:\/\/rsisportsgroup.com\/de\/wp-json\/wp\/v2\/pages\/1780\/revisions"}],"wp:attachment":[{"href":"https:\/\/rsisportsgroup.com\/de\/wp-json\/wp\/v2\/media?parent=1780"}],"curies":[{"name":"wp","href":"https:\/\/api.w.org\/{rel}","templated":true}]}}